{"id":989709,"date":"2026-04-17T13:51:39","date_gmt":"2026-04-17T11:51:39","guid":{"rendered":"https:\/\/luciasmolen.com\/?post_type=product&#038;p=989709"},"modified":"2026-04-17T13:53:20","modified_gmt":"2026-04-17T11:53:20","slug":"svelto-ktore-nosis-by-zuzana-plackova","status":"publish","type":"product","link":"https:\/\/luciasmolen.com\/en\/product\/svelto-ktore-nosis-by-zuzana-plackova\/","title":{"rendered":"Svelto, ktor\u00e9 nos\u00ed\u0161 &#8211; by Zuzana Pla\u010dkov\u00e1"},"content":{"rendered":"<div class=\"vgblk-rw-wrapper limit-wrapper\">Zlat\u00e1 retiazka s kri\u0161t\u00e1\u013eom a pr\u00edrodn\u00fdmi briliantami<\/p>\n<p>&nbsp;<\/p>\n<p>Niektor\u00e9 \u0161perky s\u00fa kr\u00e1sne.<\/p>\n<p>A niektor\u00e9 nes\u00fa energiu, ktor\u00fa c\u00edti\u0161 od prv\u00e9ho momentu.<\/p>\n<p>&nbsp;<\/p>\n<p>T\u00e1to<strong> zlat\u00e1 retiazka s kri\u0161t\u00e1\u013eom a pr\u00edrodn\u00fdmi certifikovan\u00fdmi briliantami<\/strong> vznikla so <strong>Zuzanou Pla\u010dkovou<\/strong> ako symbol ochrany, svetla a pozit\u00edvnej energie, ktor\u00fa m\u00f4\u017ee\u0161 nosi\u0165 ka\u017ed\u00fd de\u0148.<\/p>\n<p>Minimalistick\u00fd &#8222;bejby&#8220; kri\u0161t\u00e1\u013e je zn\u00e1my svojou schopnos\u0165ou \u010disti\u0165 energiu , prin\u00e1\u0161a\u0165 vn\u00fatorn\u00fd pokoj a zosilova\u0165 silu ostatn\u00fdch kame\u0148ov.<\/p>\n<p>\u0160es\u0165 pr\u00edrodn\u00fdch briliantov v kombin\u00e1ci\u00ed so 14k zlatom jeho silu e\u0161te zosiln\u0148uje a dod\u00e1va \u0161perku jemn\u00fd a nad\u010dasov\u00fd luxus.<\/p>\n<p>Prajeme, aby v\u00e1m \u00a0do \u017eivota pri\u0165ahoval len sam\u00e9 pozit\u00edvne a kr\u00e1sne situ\u00e1cie<\/p>\n<p>&nbsp;<\/p>\n<p>J<strong>e to \u0161perk, ktor\u00fd:<\/strong><\/p>\n<p>-podporuje pozit\u00edvnu energiu<\/p>\n<p>-chr\u00e1ni pred negat\u00edvnymi vplyvmi<\/p>\n<p>-pripom\u00edna ti tvoju vn\u00fatorn\u00fa silu<\/p>\n<p>&nbsp;<\/p>\n<p><strong>Detaily:<\/strong><\/p>\n<p>Material: 14k zlato<\/p>\n<p>Kamene: pr\u00edrodn\u00fd kri\u0161t\u00e1\u013e<\/p>\n<p>6ks 1mm pr\u00edrodn\u00fdch briliantov + certifik\u00e1t od dod\u00e1vate\u013ea<\/p>\n<p>D\u013e\u017eka retiazky: 42cm + o\u010dko 40cm<\/p>\n<p>&nbsp;<\/p>\n<p><strong>Toto nie je len retiazka. Je to tvoj osobn\u00fd talizman. Tvoje svetlo, ktor\u00e9 nos\u00ed\u0161.<\/strong><\/p>\n<p>&nbsp;<\/p>\n<p>Dopraj si \u0161perk, ktor\u00fd \u0165a bude sprev\u00e1dza\u0165 \u017eivotom alebo ho daruj niekomu na kom ti z\u00e1le\u017e\u00ed.<\/p>\n<p>&nbsp;<\/p>\n<p><strong>Objednaj si svoj e\u0161te dnes.<\/strong><\/div>\n<p><!-- .vgblk-rw-wrapper --><\/p>","protected":false},"excerpt":{"rendered":"<p>Zlat\u00e1 retiazka s kri\u0161t\u00e1\u013eom a pr\u00edrodn\u00fdmi briliantami &nbsp; Niektor\u00e9 \u0161perky s\u00fa kr\u00e1sne. A niektor\u00e9 nes\u00fa energiu, ktor\u00fa c\u00edti\u0161 od prv\u00e9ho momentu. &nbsp; T\u00e1to zlat\u00e1 retiazka s kri\u0161t\u00e1\u013eom a pr\u00edrodn\u00fdmi certifikovan\u00fdmi briliantami vznikla so Zuzanou Pla\u010dkovou ako symbol ochrany, svetla a pozit\u00edvnej energie, ktor\u00fa m\u00f4\u017ee\u0161 nosi\u0165 ka\u017ed\u00fd de\u0148. Minimalistick\u00fd &#8222;bejby&#8220; kri\u0161t\u00e1\u013e je zn\u00e1my svojou schopnos\u0165ou \u010disti\u0165&#8230;<\/p>","protected":false},"featured_media":989717,"comment_status":"open","ping_status":"closed","template":"","meta":[],"product_brand":[],"product_cat":[33],"product_tag":[],"class_list":{"0":"post-989709","1":"product","2":"type-product","3":"status-publish","4":"has-post-thumbnail","6":"product_cat-nahrdelniky","8":"first","9":"instock","10":"shipping-taxable","11":"purchasable","12":"product-type-simple"},"_links":{"self":[{"href":"https:\/\/luciasmolen.com\/en\/wp-json\/wp\/v2\/product\/989709","targetHints":{"allow":["GET"]}}],"collection":[{"href":"https:\/\/luciasmolen.com\/en\/wp-json\/wp\/v2\/product"}],"about":[{"href":"https:\/\/luciasmolen.com\/en\/wp-json\/wp\/v2\/types\/product"}],"replies":[{"embeddable":true,"href":"https:\/\/luciasmolen.com\/en\/wp-json\/wp\/v2\/comments?post=989709"}],"version-history":[{"count":3,"href":"https:\/\/luciasmolen.com\/en\/wp-json\/wp\/v2\/product\/989709\/revisions"}],"predecessor-version":[{"id":989720,"href":"https:\/\/luciasmolen.com\/en\/wp-json\/wp\/v2\/product\/989709\/revisions\/989720"}],"wp:featuredmedia":[{"embeddable":true,"href":"https:\/\/luciasmolen.com\/en\/wp-json\/wp\/v2\/media\/989717"}],"wp:attachment":[{"href":"https:\/\/luciasmolen.com\/en\/wp-json\/wp\/v2\/media?parent=989709"}],"wp:term":[{"taxonomy":"product_brand","embeddable":true,"href":"https:\/\/luciasmolen.com\/en\/wp-json\/wp\/v2\/product_brand?post=989709"},{"taxonomy":"product_cat","embeddable":true,"href":"https:\/\/luciasmolen.com\/en\/wp-json\/wp\/v2\/product_cat?post=989709"},{"taxonomy":"product_tag","embeddable":true,"href":"https:\/\/luciasmolen.com\/en\/wp-json\/wp\/v2\/product_tag?post=989709"}],"curies":[{"name":"wp","href":"https:\/\/api.w.org\/{rel}","templated":true}]}}