{"id":989690,"date":"2026-02-12T12:25:14","date_gmt":"2026-02-12T11:25:14","guid":{"rendered":"https:\/\/luciasmolen.com\/?post_type=product&#038;p=989690"},"modified":"2026-02-12T12:25:38","modified_gmt":"2026-02-12T11:25:38","slug":"bejby-cierny-onyx","status":"publish","type":"product","link":"https:\/\/luciasmolen.com\/en\/product\/bejby-cierny-onyx\/","title":{"rendered":"Bejby \u010dierny \u00f3nyx"},"content":{"rendered":"<div class=\"vgblk-rw-wrapper limit-wrapper\">\n<div class=\"elementor-element elementor-element-437b28b elementor-widget elementor-widget-text-editor\" data-id=\"437b28b\" data-element_type=\"widget\" data-widget_type=\"text-editor.default\">\n<div class=\"elementor-widget-container\">\n<h4 data-start=\"0\" data-end=\"85\"><strong data-start=\"4\" data-end=\"83\">Luxury necklace with onyx and lab-grown diamonds - power, passion and elegance<\/strong><\/h4>\n<p data-start=\"87\" data-end=\"280\" class=\"translation-block\">Passionate and mysterious <strong data-start=\"105\" data-end=\"120\">onyx color<\/strong> speaks for itself. This precious stone, complemented by <strong data-start=\"173\" data-end=\"215\">gold and lab-grown diamonds<\/strong>, symbolizes <strong data-start=\"229\" data-end=\"277\">inner strength, determination, and spiritual growth<\/strong>.<\/p>\n<p data-start=\"282\" data-end=\"508\" class=\"translation-block\">Onyx is a stone that will guide you on the path to <strong data-start=\"326\" data-end=\"364\">freedom from negative energies<\/strong>, support your <strong data-start=\"379\" data-end=\"394\">self-confidence<\/strong>, and help you stay true to yourself. Together with diamonds, it creates a <strong data-start=\"458\" data-end=\"505\">perfect balance between elegance and strength<\/strong>.<\/p>\n<p data-start=\"510\" data-end=\"552\"><img decoding=\"async\" class=\"emoji\" role=\"img\" draggable=\"false\" src=\"https:\/\/s.w.org\/images\/core\/emoji\/17.0.2\/svg\/1f48e.svg\" alt=\"\ud83d\udc8e\" \/> <strong data-start=\"513\" data-end=\"550\">Pre\u010do si vybra\u0165 tento n\u00e1hrdeln\u00edk?<\/strong><\/p>\n<ul data-start=\"553\" data-end=\"855\">\n<li data-start=\"553\" data-end=\"626\" class=\"translation-block\"><strong data-start=\"555\" data-end=\"574\">Symbolism of onyx<\/strong> \u2013 helps in finding inner stability and courage<\/li>\n<li data-start=\"627\" data-end=\"706\" class=\"translation-block\"><strong data-start=\"629\" data-end=\"651\">Lab-grown diamonds<\/strong> \u2013 an ethical and eco-friendly alternative with a radiant shine<\/li>\n<li data-start=\"707\" data-end=\"791\" class=\"translation-block\"><strong data-start=\"709\" data-end=\"731\">Universal design<\/strong> \u2013 ideal for everyday wear and special occasions<\/li>\n<li data-start=\"792\" data-end=\"855\" class=\"translation-block\"><strong data-start=\"794\" data-end=\"811\">Luxury jewelry<\/strong> \u2013 a unique combination of gold and gemstones<\/li>\n<\/ul>\n<p data-start=\"857\" data-end=\"976\" class=\"translation-block\">May wearing this <strong data-start=\"880\" data-end=\"917\">elegant onyx necklace<\/strong> bring you <strong data-start=\"925\" data-end=\"958\">confidence, energy, and protection<\/strong> on your journey.<\/p>\n<\/div>\n<\/div>\n<div class=\"elementor-element elementor-element-e8c4a0c elementor-widget elementor-widget-heading\" data-id=\"e8c4a0c\" data-element_type=\"widget\" data-widget_type=\"heading.default\">\n<div class=\"elementor-widget-container\">\n<h5 class=\"elementor-heading-title elementor-size-default\">Details<\/h5>\n<\/div>\n<\/div>\n<div class=\"elementor-element elementor-element-32e60ed elementor-widget elementor-widget-woocommerce-product-content\" data-id=\"32e60ed\" data-element_type=\"widget\" data-widget_type=\"woocommerce-product-content.default\">\n<div class=\"elementor-widget-container\">\n<div class=\"vgblk-rw-wrapper limit-wrapper\">14k zlato, \u010dierny \u00f3nyx<br \/>\n18ks lab grown briliantov<br \/>\n60cm+7cm d\u013a\u017eka n\u00e1hrdeln\u00edka<\/div>\n<\/div>\n<\/div>\n<\/div>\n<p><!-- .vgblk-rw-wrapper --><\/p>","protected":false},"excerpt":{"rendered":"<p>Luxusn\u00fd n\u00e1hrdeln\u00edk s \u00f3nyxom a lab-grown diamantmi \u2013 sila, v\u00e1\u0161e\u0148 a elegancia V\u00e1\u0161niv\u00e1 a tajomn\u00e1 farba \u00f3nyxu hovor\u00ed sama za seba. Tento vz\u00e1cny kame\u0148, doplnen\u00fd o zlato a laborat\u00f3rne pestovan\u00e9 diamanty, symbolizuje vn\u00fatorn\u00fa silu, cie\u013eavedomos\u0165 a duchovn\u00fd rast. \u00d3nyx je kame\u0148, ktor\u00fd v\u00e1s povedie na ceste k oslobodeniu od negat\u00edvnych energi\u00ed, podpor\u00ed va\u0161e sebavedomie a&#8230;<\/p>","protected":false},"featured_media":989691,"comment_status":"open","ping_status":"closed","template":"","meta":[],"product_brand":[],"product_cat":[33],"product_tag":[],"class_list":{"0":"post-989690","1":"product","2":"type-product","3":"status-publish","4":"has-post-thumbnail","6":"product_cat-nahrdelniky","8":"first","9":"instock","10":"shipping-taxable","11":"purchasable","12":"product-type-simple"},"_links":{"self":[{"href":"https:\/\/luciasmolen.com\/en\/wp-json\/wp\/v2\/product\/989690","targetHints":{"allow":["GET"]}}],"collection":[{"href":"https:\/\/luciasmolen.com\/en\/wp-json\/wp\/v2\/product"}],"about":[{"href":"https:\/\/luciasmolen.com\/en\/wp-json\/wp\/v2\/types\/product"}],"replies":[{"embeddable":true,"href":"https:\/\/luciasmolen.com\/en\/wp-json\/wp\/v2\/comments?post=989690"}],"version-history":[{"count":1,"href":"https:\/\/luciasmolen.com\/en\/wp-json\/wp\/v2\/product\/989690\/revisions"}],"predecessor-version":[{"id":989692,"href":"https:\/\/luciasmolen.com\/en\/wp-json\/wp\/v2\/product\/989690\/revisions\/989692"}],"wp:featuredmedia":[{"embeddable":true,"href":"https:\/\/luciasmolen.com\/en\/wp-json\/wp\/v2\/media\/989691"}],"wp:attachment":[{"href":"https:\/\/luciasmolen.com\/en\/wp-json\/wp\/v2\/media?parent=989690"}],"wp:term":[{"taxonomy":"product_brand","embeddable":true,"href":"https:\/\/luciasmolen.com\/en\/wp-json\/wp\/v2\/product_brand?post=989690"},{"taxonomy":"product_cat","embeddable":true,"href":"https:\/\/luciasmolen.com\/en\/wp-json\/wp\/v2\/product_cat?post=989690"},{"taxonomy":"product_tag","embeddable":true,"href":"https:\/\/luciasmolen.com\/en\/wp-json\/wp\/v2\/product_tag?post=989690"}],"curies":[{"name":"wp","href":"https:\/\/api.w.org\/{rel}","templated":true}]}}