{"id":989681,"date":"2026-02-12T12:22:16","date_gmt":"2026-02-12T11:22:16","guid":{"rendered":"https:\/\/luciasmolen.com\/?post_type=product&#038;p=989681"},"modified":"2026-02-12T12:22:16","modified_gmt":"2026-02-12T11:22:16","slug":"pozlatene-14k-zlatom-strieborne-prstene-so-zirkonmi","status":"publish","type":"product","link":"https:\/\/luciasmolen.com\/en\/product\/pozlatene-14k-zlatom-strieborne-prstene-so-zirkonmi\/","title":{"rendered":"Pozl\u00e1ten\u00e9 14k zlatom strieborn\u00e9 prstene so zirk\u00f3nmi"},"content":{"rendered":"<div class=\"vgblk-rw-wrapper limit-wrapper\"><strong>Luxusn\u00e9 pozl\u00e1ten\u00e9 prstene so zirk\u00f3nmi<\/strong><\/p>\n<p>Eelegantn\u00e9 prstene zo striebra pozl\u00e1ten\u00e9 hrubou vrstvou 14k zlata so zirk\u00f3nmi, ktor\u00e9 dknalo sp\u00e1jaj\u00fa luxusn\u00fd vzh\u013ead, modern\u00fd dizajn a dostupn\u00fa cenu. Tieto prstene s\u00fa ide\u00e1lnou vo\u013ebou pre \u017eeny, ktor\u00e9 miluj\u00fa v\u00fdrazn\u00e9, no z\u00e1rove\u0148 nad\u010dasov\u00e9 \u0161perky.<\/p>\n<p>Kvalitn\u00fd a odoln\u00fd materi\u00e1l s dlho \u017eivotnos\u0165ou. Poverch upraven\u00fd pozl\u00e1ten\u00edm 14k zlatom, v\u010faka \u010domu p\u00f4sob\u00ed ako prav\u00fd zlat\u00fd \u0161perk.<\/p>\n<p>-hypoalerg\u00e9nny mateti\u00e1l<\/p>\n<p>-vhodn\u00fd na ka\u017edodenn\u00e9 nosenie<\/p>\n<p>-odoln\u00fd vo\u010di be\u017en\u00e9mu opotrebeniu<\/p>\n<p>-luxusn\u00fd lesk \u017elt\u00e9ho zlata<\/p>\n<p>&nbsp;<\/p>\n<p>Dominantou prste\u0148ov s\u00fa prec\u00edzne br\u00fasen\u00e9 zirk\u00f3ny, ktor\u00e9 vynikaj\u00fa vysok\u00fdm leskom a brilanciou podobnou diamantu. Na v\u00fdber s\u00fa r\u00f4zne prevedenia prste\u0148ov.<\/p>\n<p>-MOHUTN\u00dd PRSTE\u0147 S OV\u00c1LOM<\/p>\n<p>-MOHUTN\u00dd PRSTE\u0147 S MARK\u00ddZOM<\/p>\n<p>-PRSTE\u0147 VLNKA SO SLZOU<\/p>\n<p>&nbsp;<\/p>\n<p>Ich elegantn\u00fd dizajn v\u00fdrazn\u00ed \u017eenskos\u0165 a dod\u00e1 ka\u017ed\u00e9mu outfitu n\u00e1dych luxusu<\/p>\n<p><strong>DO POZN\u00c1MKY PROS\u00cdM UVE\u010eTE TYP A VE\u013dKOS\u0164 PRSTE\u0147A.<\/strong><\/div>\n<p><!-- .vgblk-rw-wrapper --><\/p>","protected":false},"excerpt":{"rendered":"<p>Luxusn\u00e9 pozl\u00e1ten\u00e9 prstene so zirk\u00f3nmi Eelegantn\u00e9 prstene zo striebra pozl\u00e1ten\u00e9 hrubou vrstvou 14k zlata so zirk\u00f3nmi, ktor\u00e9 dknalo sp\u00e1jaj\u00fa luxusn\u00fd vzh\u013ead, modern\u00fd dizajn a dostupn\u00fa cenu. Tieto prstene s\u00fa ide\u00e1lnou vo\u013ebou pre \u017eeny, ktor\u00e9 miluj\u00fa v\u00fdrazn\u00e9, no z\u00e1rove\u0148 nad\u010dasov\u00e9 \u0161perky. Kvalitn\u00fd a odoln\u00fd materi\u00e1l s dlho \u017eivotnos\u0165ou. Poverch upraven\u00fd pozl\u00e1ten\u00edm 14k zlatom, v\u010faka \u010domu p\u00f4sob\u00ed&#8230;<\/p>","protected":false},"featured_media":989686,"comment_status":"open","ping_status":"closed","template":"","meta":[],"product_brand":[],"product_cat":[40],"product_tag":[],"class_list":{"0":"post-989681","1":"product","2":"type-product","3":"status-publish","4":"has-post-thumbnail","6":"product_cat-prstene","8":"first","9":"instock","10":"shipping-taxable","11":"purchasable","12":"product-type-simple"},"_links":{"self":[{"href":"https:\/\/luciasmolen.com\/en\/wp-json\/wp\/v2\/product\/989681","targetHints":{"allow":["GET"]}}],"collection":[{"href":"https:\/\/luciasmolen.com\/en\/wp-json\/wp\/v2\/product"}],"about":[{"href":"https:\/\/luciasmolen.com\/en\/wp-json\/wp\/v2\/types\/product"}],"replies":[{"embeddable":true,"href":"https:\/\/luciasmolen.com\/en\/wp-json\/wp\/v2\/comments?post=989681"}],"version-history":[{"count":1,"href":"https:\/\/luciasmolen.com\/en\/wp-json\/wp\/v2\/product\/989681\/revisions"}],"predecessor-version":[{"id":989689,"href":"https:\/\/luciasmolen.com\/en\/wp-json\/wp\/v2\/product\/989681\/revisions\/989689"}],"wp:featuredmedia":[{"embeddable":true,"href":"https:\/\/luciasmolen.com\/en\/wp-json\/wp\/v2\/media\/989686"}],"wp:attachment":[{"href":"https:\/\/luciasmolen.com\/en\/wp-json\/wp\/v2\/media?parent=989681"}],"wp:term":[{"taxonomy":"product_brand","embeddable":true,"href":"https:\/\/luciasmolen.com\/en\/wp-json\/wp\/v2\/product_brand?post=989681"},{"taxonomy":"product_cat","embeddable":true,"href":"https:\/\/luciasmolen.com\/en\/wp-json\/wp\/v2\/product_cat?post=989681"},{"taxonomy":"product_tag","embeddable":true,"href":"https:\/\/luciasmolen.com\/en\/wp-json\/wp\/v2\/product_tag?post=989681"}],"curies":[{"name":"wp","href":"https:\/\/api.w.org\/{rel}","templated":true}]}}