{"id":989675,"date":"2026-02-12T11:55:31","date_gmt":"2026-02-12T10:55:31","guid":{"rendered":"https:\/\/luciasmolen.com\/?post_type=product&#038;p=989675"},"modified":"2026-02-12T12:27:53","modified_gmt":"2026-02-12T11:27:53","slug":"bejby-zeleny-aventurin","status":"publish","type":"product","link":"https:\/\/luciasmolen.com\/en\/product\/bejby-zeleny-aventurin\/","title":{"rendered":"Bejby zelen\u00fd aventur\u00edn"},"content":{"rendered":"<div class=\"vgblk-rw-wrapper limit-wrapper\">Zelen\u00fd aventur\u00edn &#8211; luxusn\u00fd \u0161perk pre \u0161\u0165astie a harm\u00f3niu<\/p>\n<p>Retiazka so zelen\u00fdm aventur\u00ednom je elegantn\u00fd a nad\u010dasov\u00fd \u0161perk, ktor\u00fd sp\u00e1ja kr\u00e1su pr\u00edrodn\u00e9ho kame\u0148a so zlatom a lab grown briliantami. Jeho s\u00fdta zelen\u00e1 farba p\u00f4sob\u00ed so zlatom luxusne a z\u00e1rove\u0148 minimalisticky &#8211; ide\u00e1lny doplnok na ka\u017edodenn\u00e9 nosenie aj v\u00fdnmo\u010dn\u00e9 pr\u00edle\u017eitosti.<\/p>\n<p>&nbsp;<\/p>\n<p>\u00da\u010dinky zelen\u00e9ho aventur\u00ednu<\/p>\n<ul>\n<li>kame\u0148 \u0161tastia a hojnosti<\/li>\n<li>podporuje sebad\u00f4veru a pozit\u00edvne myslenie<\/li>\n<li>\u00faspech v pr\u00e1ci, podnikan\u00ed a financi\u00e1ch<\/li>\n<li>otvorenie srdcovej \u010dakry a harm\u00f3nia vo vz\u0165ahoch<\/li>\n<\/ul>\n<p>H\u013ead\u00e1te origin\u00e1lny dar\u010dek pre priate\u013eku, man\u017eelku, mamu \u010di sestru? Retiazka so zelen\u00fdm aventur\u00ednom je symbolom l\u00e1sky, rovnov\u00e1hy a prosperity. Darujte \u0161perk, ktor\u00fd m\u00e1 nielen estetick\u00fa ale aj duchovn\u00fa hodnotu.<\/p>\n<p>&nbsp;<\/p>\n<div class=\"elementor-element elementor-element-e8c4a0c elementor-widget elementor-widget-heading\" data-id=\"e8c4a0c\" data-element_type=\"widget\" data-widget_type=\"heading.default\">\n<div class=\"elementor-widget-container\">\n<h5 class=\"elementor-heading-title elementor-size-default\">Details<\/h5>\n<\/div>\n<\/div>\n<div class=\"elementor-element elementor-element-32e60ed elementor-widget elementor-widget-woocommerce-product-content\" data-id=\"32e60ed\" data-element_type=\"widget\" data-widget_type=\"woocommerce-product-content.default\">\n<div class=\"elementor-widget-container\">\n<div class=\"elementor elementor-5230\" data-elementor-type=\"product-post\" data-elementor-id=\"5230\" data-elementor-post-type=\"product\">\n<section class=\"elementor-section elementor-top-section elementor-element elementor-element-6ab95300 elementor-section-boxed elementor-section-height-default elementor-section-height-default\" data-id=\"6ab95300\" data-element_type=\"section\">\n<div class=\"elementor-container elementor-column-gap-default\">\n<div class=\"elementor-column elementor-col-100 elementor-top-column elementor-element elementor-element-2e883db3\" data-id=\"2e883db3\" data-element_type=\"column\">\n<div class=\"elementor-widget-wrap elementor-element-populated\">\n<div class=\"elementor-element elementor-element-77c7433d elementor-widget elementor-widget-text-editor\" data-id=\"77c7433d\" data-element_type=\"widget\" data-widget_type=\"text-editor.default\">\n<div class=\"elementor-widget-container\">\n<p>Yellow gold 14k<br \/>\nHexag\u00f3n zelen\u00fd aventur\u00edn + 18ks lab grown brilianty\/1mm\/<\/p>\n<p>Length 60cm+7cm<\/p>\n<\/div>\n<\/div>\n<\/div>\n<\/div>\n<\/div>\n<\/section>\n<\/div>\n<\/div>\n<\/div>\n<\/div>\n<p><!-- .vgblk-rw-wrapper --><\/p>","protected":false},"excerpt":{"rendered":"<p>Zelen\u00fd aventur\u00edn &#8211; luxusn\u00fd \u0161perk pre \u0161\u0165astie a harm\u00f3niu Retiazka so zelen\u00fdm aventur\u00ednom je elegantn\u00fd a nad\u010dasov\u00fd \u0161perk, ktor\u00fd sp\u00e1ja kr\u00e1su pr\u00edrodn\u00e9ho kame\u0148a so zlatom a lab grown briliantami. Jeho s\u00fdta zelen\u00e1 farba p\u00f4sob\u00ed so zlatom luxusne a z\u00e1rove\u0148 minimalisticky &#8211; ide\u00e1lny doplnok na ka\u017edodenn\u00e9 nosenie aj v\u00fdnmo\u010dn\u00e9 pr\u00edle\u017eitosti. &nbsp; \u00da\u010dinky zelen\u00e9ho aventur\u00ednu kame\u0148 \u0161tastia&#8230;<\/p>","protected":false},"featured_media":989676,"comment_status":"open","ping_status":"closed","template":"","meta":[],"product_brand":[],"product_cat":[33,15],"product_tag":[],"class_list":{"0":"post-989675","1":"product","2":"type-product","3":"status-publish","4":"has-post-thumbnail","6":"product_cat-nahrdelniky","7":"product_cat-uncategorized","9":"first","10":"instock","11":"shipping-taxable","12":"purchasable","13":"product-type-simple"},"_links":{"self":[{"href":"https:\/\/luciasmolen.com\/en\/wp-json\/wp\/v2\/product\/989675","targetHints":{"allow":["GET"]}}],"collection":[{"href":"https:\/\/luciasmolen.com\/en\/wp-json\/wp\/v2\/product"}],"about":[{"href":"https:\/\/luciasmolen.com\/en\/wp-json\/wp\/v2\/types\/product"}],"replies":[{"embeddable":true,"href":"https:\/\/luciasmolen.com\/en\/wp-json\/wp\/v2\/comments?post=989675"}],"version-history":[{"count":1,"href":"https:\/\/luciasmolen.com\/en\/wp-json\/wp\/v2\/product\/989675\/revisions"}],"predecessor-version":[{"id":989679,"href":"https:\/\/luciasmolen.com\/en\/wp-json\/wp\/v2\/product\/989675\/revisions\/989679"}],"wp:featuredmedia":[{"embeddable":true,"href":"https:\/\/luciasmolen.com\/en\/wp-json\/wp\/v2\/media\/989676"}],"wp:attachment":[{"href":"https:\/\/luciasmolen.com\/en\/wp-json\/wp\/v2\/media?parent=989675"}],"wp:term":[{"taxonomy":"product_brand","embeddable":true,"href":"https:\/\/luciasmolen.com\/en\/wp-json\/wp\/v2\/product_brand?post=989675"},{"taxonomy":"product_cat","embeddable":true,"href":"https:\/\/luciasmolen.com\/en\/wp-json\/wp\/v2\/product_cat?post=989675"},{"taxonomy":"product_tag","embeddable":true,"href":"https:\/\/luciasmolen.com\/en\/wp-json\/wp\/v2\/product_tag?post=989675"}],"curies":[{"name":"wp","href":"https:\/\/api.w.org\/{rel}","templated":true}]}}