{"id":989634,"date":"2025-09-12T14:21:33","date_gmt":"2025-09-12T12:21:33","guid":{"rendered":"https:\/\/luciasmolen.com\/?post_type=product&#038;p=989634"},"modified":"2025-09-12T14:21:33","modified_gmt":"2025-09-12T12:21:33","slug":"pozlatene-nausnice-so-zirkonmi","status":"publish","type":"product","link":"https:\/\/luciasmolen.com\/en\/product\/pozlatene-nausnice-so-zirkonmi\/","title":{"rendered":"Pozlaten\u00e9 nau\u0161nice so zirk\u00f3nmi"},"content":{"rendered":"","protected":false},"excerpt":{"rendered":"<p>Drobn\u00e9, jemn\u00e9 a elegantn\u00e9 nau\u0161nice so zirk\u00f3nmi. Vyroben\u00e9 zo striebra a kvalitne pozlatene 14k zlatom doplnen\u00e9 o ligotav\u00e9 zirk\u00f3ny im dod\u00e1va luxusny nadych.<\/p>\n<p>Material: striebro pozlazene 14k zlatom, zirk\u00f3ny<br \/>\nve\u013ekos\u0165: 13mm<\/p>","protected":false},"featured_media":989637,"comment_status":"open","ping_status":"closed","template":"","meta":[],"product_brand":[],"product_cat":[24,85],"product_tag":[],"class_list":{"0":"post-989634","1":"product","2":"type-product","3":"status-publish","4":"has-post-thumbnail","6":"product_cat-nausnice","7":"product_cat-pozlatene-sperky","9":"first","10":"instock","11":"shipping-taxable","12":"purchasable","13":"product-type-simple"},"_links":{"self":[{"href":"https:\/\/luciasmolen.com\/en\/wp-json\/wp\/v2\/product\/989634","targetHints":{"allow":["GET"]}}],"collection":[{"href":"https:\/\/luciasmolen.com\/en\/wp-json\/wp\/v2\/product"}],"about":[{"href":"https:\/\/luciasmolen.com\/en\/wp-json\/wp\/v2\/types\/product"}],"replies":[{"embeddable":true,"href":"https:\/\/luciasmolen.com\/en\/wp-json\/wp\/v2\/comments?post=989634"}],"version-history":[{"count":1,"href":"https:\/\/luciasmolen.com\/en\/wp-json\/wp\/v2\/product\/989634\/revisions"}],"predecessor-version":[{"id":989638,"href":"https:\/\/luciasmolen.com\/en\/wp-json\/wp\/v2\/product\/989634\/revisions\/989638"}],"wp:featuredmedia":[{"embeddable":true,"href":"https:\/\/luciasmolen.com\/en\/wp-json\/wp\/v2\/media\/989637"}],"wp:attachment":[{"href":"https:\/\/luciasmolen.com\/en\/wp-json\/wp\/v2\/media?parent=989634"}],"wp:term":[{"taxonomy":"product_brand","embeddable":true,"href":"https:\/\/luciasmolen.com\/en\/wp-json\/wp\/v2\/product_brand?post=989634"},{"taxonomy":"product_cat","embeddable":true,"href":"https:\/\/luciasmolen.com\/en\/wp-json\/wp\/v2\/product_cat?post=989634"},{"taxonomy":"product_tag","embeddable":true,"href":"https:\/\/luciasmolen.com\/en\/wp-json\/wp\/v2\/product_tag?post=989634"}],"curies":[{"name":"wp","href":"https:\/\/api.w.org\/{rel}","templated":true}]}}