{"id":989628,"date":"2025-09-12T14:17:48","date_gmt":"2025-09-12T12:17:48","guid":{"rendered":"https:\/\/luciasmolen.com\/?post_type=product&#038;p=989628"},"modified":"2025-09-12T14:18:26","modified_gmt":"2025-09-12T12:18:26","slug":"pozlatene-nausnice","status":"publish","type":"product","link":"https:\/\/luciasmolen.com\/en\/product\/pozlatene-nausnice\/","title":{"rendered":"Pozl\u00e1ten\u00e9 nau\u0161nice"},"content":{"rendered":"<div class=\"vgblk-rw-wrapper limit-wrapper\">Dokonale efektn\u00e9 pozl\u00e1ten\u00e9 nau\u0161nice, ktor\u00e9 vyzeraj\u00fa ako keby ste mali 4nau\u0161nice naraz.<\/p>\n<p>Materi\u00e1l: striebro pozl\u00e1ten\u00e9 14k zlato, zirk\u00f3ny<br \/>\nDostupne varianty: zlat\u00e1, strieborn\u00e1<\/p><\/div>\n<p><!-- .vgblk-rw-wrapper --><\/p>","protected":false},"excerpt":{"rendered":"<p>Dokonale efektn\u00e9 pozl\u00e1ten\u00e9 nau\u0161nice, ktor\u00e9 vyzeraj\u00fa ako keby ste mali 4nau\u0161nice naraz. Materi\u00e1l: striebro pozl\u00e1ten\u00e9 14k zlato, zirk\u00f3ny Dostupne varianty: zlat\u00e1, strieborn\u00e1<\/p>","protected":false},"featured_media":989630,"comment_status":"open","ping_status":"closed","template":"","meta":[],"product_brand":[],"product_cat":[24,85],"product_tag":[],"class_list":{"0":"post-989628","1":"product","2":"type-product","3":"status-publish","4":"has-post-thumbnail","6":"product_cat-nausnice","7":"product_cat-pozlatene-sperky","9":"first","10":"instock","11":"shipping-taxable","12":"purchasable","13":"product-type-simple"},"_links":{"self":[{"href":"https:\/\/luciasmolen.com\/en\/wp-json\/wp\/v2\/product\/989628","targetHints":{"allow":["GET"]}}],"collection":[{"href":"https:\/\/luciasmolen.com\/en\/wp-json\/wp\/v2\/product"}],"about":[{"href":"https:\/\/luciasmolen.com\/en\/wp-json\/wp\/v2\/types\/product"}],"replies":[{"embeddable":true,"href":"https:\/\/luciasmolen.com\/en\/wp-json\/wp\/v2\/comments?post=989628"}],"version-history":[{"count":1,"href":"https:\/\/luciasmolen.com\/en\/wp-json\/wp\/v2\/product\/989628\/revisions"}],"predecessor-version":[{"id":989633,"href":"https:\/\/luciasmolen.com\/en\/wp-json\/wp\/v2\/product\/989628\/revisions\/989633"}],"wp:featuredmedia":[{"embeddable":true,"href":"https:\/\/luciasmolen.com\/en\/wp-json\/wp\/v2\/media\/989630"}],"wp:attachment":[{"href":"https:\/\/luciasmolen.com\/en\/wp-json\/wp\/v2\/media?parent=989628"}],"wp:term":[{"taxonomy":"product_brand","embeddable":true,"href":"https:\/\/luciasmolen.com\/en\/wp-json\/wp\/v2\/product_brand?post=989628"},{"taxonomy":"product_cat","embeddable":true,"href":"https:\/\/luciasmolen.com\/en\/wp-json\/wp\/v2\/product_cat?post=989628"},{"taxonomy":"product_tag","embeddable":true,"href":"https:\/\/luciasmolen.com\/en\/wp-json\/wp\/v2\/product_tag?post=989628"}],"curies":[{"name":"wp","href":"https:\/\/api.w.org\/{rel}","templated":true}]}}