{"id":989314,"date":"2024-10-02T17:14:10","date_gmt":"2024-10-02T15:14:10","guid":{"rendered":"http:\/\/luciasmolen.com\/?post_type=product&#038;p=989314"},"modified":"2026-02-04T12:23:17","modified_gmt":"2026-02-04T11:23:17","slug":"bejby-kristal-s-lab-grown-briliantom","status":"publish","type":"product","link":"https:\/\/luciasmolen.com\/en\/product\/bejby-kristal-s-lab-grown-briliantom\/","title":{"rendered":"Baby crystal with lab grown brilliant"},"content":{"rendered":"<div class=\"vgblk-rw-wrapper limit-wrapper\">\n<h4>Crystal chain with gold and moissanite \u2013 14k yellow gold, 3mm moissanite<\/h4>\n<p data-start=\"314\" data-end=\"617\"><strong>The perfect fusion of crystal, diamonds, and gold<\/strong><br data-start=\"364\" data-end=\"367\" \/>This elegant yet mystical piece of jewelry is a true fusion of luxury and nature. Crystal is a universal and the most powerful healing stone in the world. It is a very strong energy amplifier that absorbs, releases, and regulates energy, bringing it into complete harmony.<\/p>\n<p data-start=\"619\" data-end=\"955\">It stimulates the mind, enhances clairvoyance and independence, supports self-improvement, and protects against all that is negative or harmful. It strengthens our spiritual energy, brings harmony, removes blockages, and becomes a mirror of the soul. It cleanses and protects the aura and ensures restful sleep. If we were to own only one healing stone, it should undoubtedly be crystal.<\/p>\n<p data-start=\"957\" data-end=\"1114\"><strong data-start=\"957\" data-end=\"1001\">Necklace with a central moissanite stone<\/strong><br data-start=\"1001\" data-end=\"1004\" \/>The necklace is adorned with a central 3mm moissanite stone, adding an extra touch of brilliance to the piece.<\/p>\n<p data-start=\"1116\" data-end=\"1189\">If you are interested in this model, please don\u2019t hesitate to contact us by email.<\/p>\n<\/div>\n<p><!-- .vgblk-rw-wrapper --><\/p>","protected":false},"excerpt":{"rendered":"<p>Kri\u0161t\u00e1\u013eov\u00e1 retiazka so zlatom a moissanitom \u2013 14k \u017elt\u00e9 zlato, 3mm moissanit Dokonal\u00e9 spojenie kri\u0161t\u00e1\u013ea, briliantov a zlataTento elegantn\u00fd a z\u00e1rove\u0148 mystick\u00fd \u0161perk je presn\u00fdm spojen\u00edm luxusu a pr\u00edrody. Kri\u0161t\u00e1\u013e je univerz\u00e1lny a naj\u00fa\u010dinnej\u0161\u00ed lie\u010div\u00fd kame\u0148 na svete. Je ve\u013emi siln\u00fd zosil\u0148ova\u010d energie, ktor\u00fd energiu pohlcuje, uvo\u013e\u0148uje a reguluje, uv\u00e1dza ju do \u00faplnej harm\u00f3nie. Povzbudzuje&#8230;<\/p>","protected":false},"featured_media":989317,"comment_status":"open","ping_status":"closed","template":"","meta":[],"product_brand":[],"product_cat":[33],"product_tag":[66,34],"class_list":{"0":"post-989314","1":"product","2":"type-product","3":"status-publish","4":"has-post-thumbnail","6":"product_cat-nahrdelniky","7":"product_tag-14k-zlato","8":"product_tag-nahrdelnik","10":"first","11":"instock","12":"shipping-taxable","13":"purchasable","14":"product-type-simple"},"_links":{"self":[{"href":"https:\/\/luciasmolen.com\/en\/wp-json\/wp\/v2\/product\/989314","targetHints":{"allow":["GET"]}}],"collection":[{"href":"https:\/\/luciasmolen.com\/en\/wp-json\/wp\/v2\/product"}],"about":[{"href":"https:\/\/luciasmolen.com\/en\/wp-json\/wp\/v2\/types\/product"}],"replies":[{"embeddable":true,"href":"https:\/\/luciasmolen.com\/en\/wp-json\/wp\/v2\/comments?post=989314"}],"version-history":[{"count":6,"href":"https:\/\/luciasmolen.com\/en\/wp-json\/wp\/v2\/product\/989314\/revisions"}],"predecessor-version":[{"id":989422,"href":"https:\/\/luciasmolen.com\/en\/wp-json\/wp\/v2\/product\/989314\/revisions\/989422"}],"wp:featuredmedia":[{"embeddable":true,"href":"https:\/\/luciasmolen.com\/en\/wp-json\/wp\/v2\/media\/989317"}],"wp:attachment":[{"href":"https:\/\/luciasmolen.com\/en\/wp-json\/wp\/v2\/media?parent=989314"}],"wp:term":[{"taxonomy":"product_brand","embeddable":true,"href":"https:\/\/luciasmolen.com\/en\/wp-json\/wp\/v2\/product_brand?post=989314"},{"taxonomy":"product_cat","embeddable":true,"href":"https:\/\/luciasmolen.com\/en\/wp-json\/wp\/v2\/product_cat?post=989314"},{"taxonomy":"product_tag","embeddable":true,"href":"https:\/\/luciasmolen.com\/en\/wp-json\/wp\/v2\/product_tag?post=989314"}],"curies":[{"name":"wp","href":"https:\/\/api.w.org\/{rel}","templated":true}]}}