{"id":5102,"date":"2020-10-21T18:23:05","date_gmt":"2020-10-21T16:23:05","guid":{"rendered":"https:\/\/bijoux.vamtam.com\/?post_type=product&#038;p=5102"},"modified":"2025-12-02T14:31:18","modified_gmt":"2025-12-02T13:31:18","slug":"retiazka-s-citrinom","status":"publish","type":"product","link":"https:\/\/luciasmolen.com\/en\/product\/retiazka-s-citrinom\/","title":{"rendered":"Necklace \"ypsilon\" with citrine"},"content":{"rendered":"<div data-elementor-type=\"product-post\" data-elementor-id=\"5102\" class=\"elementor elementor-5102\" data-elementor-post-type=\"product\">\n\t\t\t\t\t\t<section class=\"elementor-section elementor-top-section elementor-element elementor-element-6702f1f4 elementor-section-full_width elementor-section-height-default elementor-section-height-default\" data-id=\"6702f1f4\" data-element_type=\"section\">\n\t\t\t\t\t\t<div class=\"elementor-container elementor-column-gap-no\">\n\t\t\t\t\t<div class=\"elementor-column elementor-col-100 elementor-top-column elementor-element elementor-element-3823453\" data-id=\"3823453\" data-element_type=\"column\">\n\t\t\t<div class=\"elementor-widget-wrap elementor-element-populated\">\n\t\t\t\t\t\t<div class=\"elementor-element elementor-element-4539fca7 elementor-widget elementor-widget-text-editor\" data-id=\"4539fca7\" data-element_type=\"widget\" data-widget_type=\"text-editor.default\">\n\t\t\t\t<div class=\"elementor-widget-container\">\n\t\t\t\t\t\t\t\t\t<p class=\"translation-block\"><p>Yellow Gold (20 kt)<br>Alpa System<br>45cm + 5cm + 3.5cm bar<\/p><\/p>\t\t\t\t\t\t\t\t<\/div>\n\t\t\t\t<\/div>\n\t\t\t\t\t<\/div>\n\t\t<\/div>\n\t\t\t\t\t<\/div>\n\t\t<\/section>\n\t\t\t\t<\/div>","protected":false},"excerpt":{"rendered":"<h4><strong data-start=\"0\" data-end=\"60\">Elegant \u201cYpsilon\u201d Chain with Citrine \u2013 The Stone of Abundance and Happiness<\/strong><\/h4>\n<p><strong data-start=\"62\" data-end=\"95\">This elegant \u201cYpsilon\u201d necklace with citrine<\/strong> is the perfect piece of jewelry for those seeking happiness, prosperity, and success. Citrine, with its warm yellow color, is associated with <strong data-start=\"222\" data-end=\"240\">the planet Sun<\/strong> and <strong data-start=\"243\" data-end=\"261\">the element of Fire<\/strong>and is considered one of the most powerful stones <strong data-start=\"312\" data-end=\"324\">of abundance<\/strong>. Citr\u00edn nie je len kame\u0148 \u0161\u0165astia, ale aj kame\u0148, ktor\u00fd prin\u00e1\u0161a \u0161tedros\u0165 a pozit\u00edvnu energiu. V\u010faka svojej schopnosti pril\u00e1ka\u0165 bohatstvo a prosperitu je ide\u00e1lnym doplnkom pre ka\u017ed\u00e9ho, kto chce zlep\u0161i\u0165 svoju finan\u010dn\u00fa situ\u00e1ciu alebo dosiahnu\u0165 \u00faspech v osobnom \u017eivote.<\/p>\n<p>Nosite\u013e citr\u00ednu z\u00edska nielen <strong data-start=\"619\" data-end=\"639\">the energy of abundance<\/strong>, but also support on the journey towards <strong data-start=\"667\" data-end=\"690\">spiritual balance<\/strong> and <strong data-start=\"693\" data-end=\"704\">happiness<\/strong>If you are striving for success, prosperity, or simply wish to attract more positive energy into your life, <strong data-start=\"816\" data-end=\"849\">the \u201cYpsilon\u201d necklace with citrine<\/strong> is just perfect for you.<\/p>\n<h3 data-start=\"876\" data-end=\"930\"><strong data-start=\"880\" data-end=\"930\">Why Choose the \u201cYpsilon\u201d Necklace with Citrine?<\/strong><\/h3>\n<ul data-start=\"932\" data-end=\"1145\">\n<li data-start=\"932\" data-end=\"983\" class=\"translation-block\"><strong data-start=\"934\" data-end=\"944\">Citrine<\/strong> as a symbol of <strong data-start=\"956\" data-end=\"968\">abundance<\/strong> and <strong data-start=\"971\" data-end=\"982\">success<\/strong>.<\/li>\n<li data-start=\"984\" data-end=\"1073\" class=\"translation-block\">Connection with the <strong data-start=\"999\" data-end=\"1017\">Sun planet<\/strong> and the <strong data-start=\"1020\" data-end=\"1038\">element of fire<\/strong>, which brings <strong data-start=\"1051\" data-end=\"1072\">positive energy<\/strong>.<\/li>\n<li data-start=\"1074\" data-end=\"1145\" class=\"translation-block\">The perfect accessory for <strong data-start=\"1095\" data-end=\"1120\">attracting prosperity<\/strong> and <strong data-start=\"1123\" data-end=\"1134\">happiness<\/strong> into your life.<\/li>\n<\/ul>\n<p>The necklace is not only <strong data-start=\"1166\" data-end=\"1179\">elegant<\/strong>, but also <strong data-start=\"1188\" data-end=\"1200\">meaningful<\/strong>, as it brings wealth, happiness, and support for everyday success. Wear it on its own as your personal talisman for prosperity or combine it with other jewelry for a unique look.<\/p>","protected":false},"featured_media":988222,"comment_status":"open","ping_status":"closed","template":"","meta":[],"product_brand":[],"product_cat":[33],"product_tag":[57,34],"class_list":{"0":"post-5102","1":"product","2":"type-product","3":"status-publish","4":"has-post-thumbnail","6":"product_cat-nahrdelniky","7":"product_tag-citrin","8":"product_tag-nahrdelnik","10":"first","11":"instock","12":"sold-individually","13":"shipping-taxable","14":"purchasable","15":"product-type-simple"},"_links":{"self":[{"href":"https:\/\/luciasmolen.com\/en\/wp-json\/wp\/v2\/product\/5102","targetHints":{"allow":["GET"]}}],"collection":[{"href":"https:\/\/luciasmolen.com\/en\/wp-json\/wp\/v2\/product"}],"about":[{"href":"https:\/\/luciasmolen.com\/en\/wp-json\/wp\/v2\/types\/product"}],"replies":[{"embeddable":true,"href":"https:\/\/luciasmolen.com\/en\/wp-json\/wp\/v2\/comments?post=5102"}],"version-history":[{"count":2,"href":"https:\/\/luciasmolen.com\/en\/wp-json\/wp\/v2\/product\/5102\/revisions"}],"predecessor-version":[{"id":989488,"href":"https:\/\/luciasmolen.com\/en\/wp-json\/wp\/v2\/product\/5102\/revisions\/989488"}],"wp:featuredmedia":[{"embeddable":true,"href":"https:\/\/luciasmolen.com\/en\/wp-json\/wp\/v2\/media\/988222"}],"wp:attachment":[{"href":"https:\/\/luciasmolen.com\/en\/wp-json\/wp\/v2\/media?parent=5102"}],"wp:term":[{"taxonomy":"product_brand","embeddable":true,"href":"https:\/\/luciasmolen.com\/en\/wp-json\/wp\/v2\/product_brand?post=5102"},{"taxonomy":"product_cat","embeddable":true,"href":"https:\/\/luciasmolen.com\/en\/wp-json\/wp\/v2\/product_cat?post=5102"},{"taxonomy":"product_tag","embeddable":true,"href":"https:\/\/luciasmolen.com\/en\/wp-json\/wp\/v2\/product_tag?post=5102"}],"curies":[{"name":"wp","href":"https:\/\/api.w.org\/{rel}","templated":true}]}}