{"id":5100,"date":"2020-10-21T18:21:33","date_gmt":"2020-10-21T16:21:33","guid":{"rendered":"https:\/\/bijoux.vamtam.com\/?post_type=product&#038;p=5100"},"modified":"2025-12-02T14:31:35","modified_gmt":"2025-12-02T13:31:35","slug":"jemny-nahrdelnik-lab-grown","status":"publish","type":"product","link":"https:\/\/luciasmolen.com\/en\/product\/jemny-nahrdelnik-lab-grown\/","title":{"rendered":"Jemn\u00e1 retiazka s &#8222;pr\u00edrodn\u00fdmi briliantami&#8220;"},"content":{"rendered":"<div class=\"vgblk-rw-wrapper limit-wrapper translation-block\">14k Yellow Gold<br>\nBrilliants \/lab grown\/<br>\n42cm + 2cm + 3cm<\/div>\n<p><!-- .vgblk-rw-wrapper --><\/p>","protected":false},"excerpt":{"rendered":"<p><strong data-start=\"0\" data-end=\"81\">Jemn\u00e1 retiazka s &#8222;lab grown&#8220; diamantami \u2013 elegantn\u00fd \u0161perk s etick\u00fdm pr\u00edstupom<\/strong><\/p>\n<p>Tento jemn\u00fd a elegantn\u00fd \u0161perk je dokonal\u00fdm pr\u00edkladom sofistikovanosti, ktor\u00e1 dok\u00e1\u017ee oh\u00fari\u0165. Jeho <strong data-start=\"180\" data-end=\"198\">jemn\u00e1 retiazka<\/strong> je doplnen\u00e1 o dva n\u00e1dhern\u00e9 <strong data-start=\"226\" data-end=\"239\">brilianty<\/strong>, ktor\u00e9 dod\u00e1vaj\u00fa \u0161perku kr\u00e1su a <strong data-start=\"271\" data-end=\"279\">lesk<\/strong>. Tieto <strong data-start=\"287\" data-end=\"311\">diamanty laborat\u00f3rne<\/strong> vyr\u00e1ban\u00e9 maj\u00fa rovnak\u00e9 vlastnosti ako pr\u00edrodn\u00e9 diamanty, no s\u00fa etick\u00e9 a cenovo dostupnej\u0161ie. Tento \u0161perk je skvelou vo\u013ebou pre t\u00fdch, ktor\u00ed t\u00fa\u017eia po kvalitn\u00fdch, no z\u00e1rove\u0148 zodpovedn\u00fdch \u0161perkoch, ktor\u00e9 si zachov\u00e1vaj\u00fa kr\u00e1su a hodnotu.<\/p>","protected":false},"featured_media":987856,"comment_status":"open","ping_status":"closed","template":"","meta":[],"product_brand":[],"product_cat":[33],"product_tag":[59,34],"class_list":{"0":"post-5100","1":"product","2":"type-product","3":"status-publish","4":"has-post-thumbnail","6":"product_cat-nahrdelniky","7":"product_tag-lab-grown","8":"product_tag-nahrdelnik","10":"first","11":"instock","12":"shipping-taxable","13":"purchasable","14":"product-type-simple"},"_links":{"self":[{"href":"https:\/\/luciasmolen.com\/en\/wp-json\/wp\/v2\/product\/5100","targetHints":{"allow":["GET"]}}],"collection":[{"href":"https:\/\/luciasmolen.com\/en\/wp-json\/wp\/v2\/product"}],"about":[{"href":"https:\/\/luciasmolen.com\/en\/wp-json\/wp\/v2\/types\/product"}],"replies":[{"embeddable":true,"href":"https:\/\/luciasmolen.com\/en\/wp-json\/wp\/v2\/comments?post=5100"}],"version-history":[{"count":3,"href":"https:\/\/luciasmolen.com\/en\/wp-json\/wp\/v2\/product\/5100\/revisions"}],"predecessor-version":[{"id":989594,"href":"https:\/\/luciasmolen.com\/en\/wp-json\/wp\/v2\/product\/5100\/revisions\/989594"}],"wp:featuredmedia":[{"embeddable":true,"href":"https:\/\/luciasmolen.com\/en\/wp-json\/wp\/v2\/media\/987856"}],"wp:attachment":[{"href":"https:\/\/luciasmolen.com\/en\/wp-json\/wp\/v2\/media?parent=5100"}],"wp:term":[{"taxonomy":"product_brand","embeddable":true,"href":"https:\/\/luciasmolen.com\/en\/wp-json\/wp\/v2\/product_brand?post=5100"},{"taxonomy":"product_cat","embeddable":true,"href":"https:\/\/luciasmolen.com\/en\/wp-json\/wp\/v2\/product_cat?post=5100"},{"taxonomy":"product_tag","embeddable":true,"href":"https:\/\/luciasmolen.com\/en\/wp-json\/wp\/v2\/product_tag?post=5100"}],"curies":[{"name":"wp","href":"https:\/\/api.w.org\/{rel}","templated":true}]}}