{"id":5094,"date":"2020-10-21T18:19:21","date_gmt":"2020-10-21T16:19:21","guid":{"rendered":"https:\/\/bijoux.vamtam.com\/?post_type=product&#038;p=5094"},"modified":"2025-12-02T14:31:48","modified_gmt":"2025-12-02T13:31:48","slug":"minimalisticka-plocha-retiazka","status":"publish","type":"product","link":"https:\/\/luciasmolen.com\/en\/product\/minimalisticka-plocha-retiazka\/","title":{"rendered":"Minimalistick\u00e1 ploch\u00e1 retiazka"},"content":{"rendered":"<div class=\"vgblk-rw-wrapper limit-wrapper\">Striebro, pozl\u00e1ten\u00e9 18k zlatom<br \/>\n40cm+5cm<\/div>\n<p><!-- .vgblk-rw-wrapper --><\/p>","protected":false},"excerpt":{"rendered":"<h4 data-start=\"0\" data-end=\"55\"><strong>Minimalistick\u00e1 ploch\u00e1 retiazka pozl\u00e1ten\u00e1 18k zlatom<\/strong><\/h4>\n<p data-start=\"57\" data-end=\"443\"><strong>Minimalistick\u00e1 ploch\u00e1 retiazka<\/strong> je skvelou vo\u013ebou pre t\u00fdch, ktor\u00ed h\u013eadaj\u00fa <strong>elegantn\u00fd a \u0161t\u00fdlov\u00fd doplnok<\/strong>. Vyroben\u00e1 zo striebra a pozl\u00e1ten\u00e1 18k zlatom, t\u00e1to retiazka sa skvele hod\u00ed na vrstvenie s \u010fal\u0161\u00edmi retiazok a \u0161perkami. Svoj\u00edm jednoduch\u00fdm dizajnom dod\u00e1 v\u00e1\u0161mu outfitu jemnos\u0165 a sofistikovanos\u0165. Je ide\u00e1lna na ka\u017edodenn\u00e9 nosenie, no z\u00e1rove\u0148 dostato\u010dne elegantn\u00e1 na \u0161peci\u00e1lne pr\u00edle\u017eitosti.<\/p>\n<p data-start=\"445\" data-end=\"715\">V\u010faka svojej univerz\u00e1lnosti m\u00f4\u017eete t\u00fato <strong>minimalistick\u00fa ploch\u00fa retiazku<\/strong> kombinova\u0165 s r\u00f4znymi druhmi \u0161perkov a prisp\u00f4sobi\u0165 tak svoj \u0161t\u00fdl pod\u013ea n\u00e1lady alebo pr\u00edle\u017eitosti. Ploch\u00e9 tvary retiazky prid\u00e1vaj\u00fa jej vzh\u013eadu \u0161peci\u00e1lny a modern\u00fd n\u00e1dych, ktor\u00fd je st\u00e1le ve\u013emi v trende.<\/p>\n<p data-start=\"717\" data-end=\"1017\">Ak m\u00e1te radi jednoduch\u00fd a \u010dist\u00fd dizajn, t\u00e1to retiazka je pre v\u00e1s ide\u00e1lna. <strong>Vrstven\u00edm<\/strong> s \u010fal\u0161\u00edmi pozl\u00e1ten\u00fdmi alebo strieborn\u00fdmi retiazkami vytvor\u00edte origin\u00e1lny a jedine\u010dn\u00fd look. Tento \u0161perk je nielen kr\u00e1sny, ale aj ve\u013emi praktick\u00fd \u2013 je vhodn\u00fd na ka\u017edodenn\u00e9 nosenie a dopln\u00ed ak\u00fdko\u013evek outfit s \u013eahkos\u0165ou.<\/p>\n<p data-start=\"1019\" data-end=\"1169\">Vyu\u017eite t\u00fato minimalistick\u00fa ploch\u00fa retiazku pozl\u00e1ten\u00fa 18k zlatom na vytvorenie \u0161tylizovan\u00e9ho a \u0161t\u00fdlov\u00e9ho vzh\u013eadu a nechajte sa ok\u00fazli\u0165 jej eleganciou.<\/p>","protected":false},"featured_media":988223,"comment_status":"open","ping_status":"closed","template":"","meta":[],"product_brand":[],"product_cat":[33],"product_tag":[61,34,60],"class_list":{"0":"post-5094","1":"product","2":"type-product","3":"status-publish","4":"has-post-thumbnail","6":"product_cat-nahrdelniky","7":"product_tag-18k-zlato","8":"product_tag-nahrdelnik","9":"product_tag-striebro","11":"first","12":"outofstock","13":"shipping-taxable","14":"purchasable","15":"product-type-simple"},"_links":{"self":[{"href":"https:\/\/luciasmolen.com\/en\/wp-json\/wp\/v2\/product\/5094","targetHints":{"allow":["GET"]}}],"collection":[{"href":"https:\/\/luciasmolen.com\/en\/wp-json\/wp\/v2\/product"}],"about":[{"href":"https:\/\/luciasmolen.com\/en\/wp-json\/wp\/v2\/types\/product"}],"replies":[{"embeddable":true,"href":"https:\/\/luciasmolen.com\/en\/wp-json\/wp\/v2\/comments?post=5094"}],"version-history":[{"count":1,"href":"https:\/\/luciasmolen.com\/en\/wp-json\/wp\/v2\/product\/5094\/revisions"}],"predecessor-version":[{"id":989491,"href":"https:\/\/luciasmolen.com\/en\/wp-json\/wp\/v2\/product\/5094\/revisions\/989491"}],"wp:featuredmedia":[{"embeddable":true,"href":"https:\/\/luciasmolen.com\/en\/wp-json\/wp\/v2\/media\/988223"}],"wp:attachment":[{"href":"https:\/\/luciasmolen.com\/en\/wp-json\/wp\/v2\/media?parent=5094"}],"wp:term":[{"taxonomy":"product_brand","embeddable":true,"href":"https:\/\/luciasmolen.com\/en\/wp-json\/wp\/v2\/product_brand?post=5094"},{"taxonomy":"product_cat","embeddable":true,"href":"https:\/\/luciasmolen.com\/en\/wp-json\/wp\/v2\/product_cat?post=5094"},{"taxonomy":"product_tag","embeddable":true,"href":"https:\/\/luciasmolen.com\/en\/wp-json\/wp\/v2\/product_tag?post=5094"}],"curies":[{"name":"wp","href":"https:\/\/api.w.org\/{rel}","templated":true}]}}