{"id":5068,"date":"2020-10-21T17:07:04","date_gmt":"2020-10-21T15:07:04","guid":{"rendered":"https:\/\/bijoux.vamtam.com\/?post_type=product&#038;p=5068"},"modified":"2025-12-02T14:32:09","modified_gmt":"2025-12-02T13:32:09","slug":"ypsilonova-retiazka-s-modrym-topasom","status":"publish","type":"product","link":"https:\/\/luciasmolen.com\/en\/product\/ypsilonova-retiazka-s-modrym-topasom\/","title":{"rendered":"Ypsilonov\u00e1 retiazka s modr\u00fdm top\u00e1som"},"content":{"rendered":"<div class=\"vgblk-rw-wrapper limit-wrapper\">Yellow gold 14k<br \/>\nSky blue topas, oval, 6x4mm<br \/>\n55cm+2cm+7cm<\/div>\n<p><!-- .vgblk-rw-wrapper --><\/p>","protected":false},"excerpt":{"rendered":"<h4 data-start=\"0\" data-end=\"87\"><strong data-start=\"0\" data-end=\"87\">Ypsilonov\u00e1 retiazka s modr\u00fdm top\u00e1som \u2013 Elegancia a posilnenie pracovn\u00fdch schopnost\u00ed<\/strong><\/h4>\n<p data-start=\"89\" data-end=\"454\">T\u00e1to ypsilonov\u00e1 retiazka s mas\u00edvnej\u0161ou a opracovanou spodnou ty\u010dkou je modern\u00fdm a elegantn\u00fdm doplnkom, ktor\u00fd v\u00e1s bude sprev\u00e1dza\u0165 po\u010das ka\u017edodenn\u00e9ho nosenia. Jej v\u00fdraznej\u0161\u00ed design v kombin\u00e1cii so sky blue top\u00e1som, zn\u00e1mym svojimi schopnos\u0165ami posilni\u0165 pracovn\u00e9 schopnosti a zlep\u0161i\u0165 koncentr\u00e1ciu, je ide\u00e1lnou vo\u013ebou pre t\u00fdch, ktor\u00ed h\u013eadaj\u00fa elegantn\u00fd a praktick\u00fd \u0161perk.<\/p>\n<p data-start=\"456\" data-end=\"659\">Modr\u00fd top\u00e1s sa pova\u017euje za kame\u0148, ktor\u00fd pom\u00e1ha zlep\u0161i\u0165 va\u0161e schopnosti v pr\u00e1ci a podporuje kreativitu a logick\u00e9 myslenie. Tato retiazka v\u00e1m nielen\u017ee dod\u00e1 \u0161mrnc, ale aj podpor\u00ed va\u0161e profesion\u00e1lne \u00faspechy.<\/p>","protected":false},"featured_media":987865,"comment_status":"open","ping_status":"closed","template":"","meta":[],"product_brand":[],"product_cat":[33],"product_tag":[34,55],"class_list":{"0":"post-5068","1":"product","2":"type-product","3":"status-publish","4":"has-post-thumbnail","6":"product_cat-nahrdelniky","7":"product_tag-nahrdelnik","8":"product_tag-topaz","10":"first","11":"outofstock","12":"shipping-taxable","13":"purchasable","14":"product-type-simple"},"_links":{"self":[{"href":"https:\/\/luciasmolen.com\/en\/wp-json\/wp\/v2\/product\/5068","targetHints":{"allow":["GET"]}}],"collection":[{"href":"https:\/\/luciasmolen.com\/en\/wp-json\/wp\/v2\/product"}],"about":[{"href":"https:\/\/luciasmolen.com\/en\/wp-json\/wp\/v2\/types\/product"}],"replies":[{"embeddable":true,"href":"https:\/\/luciasmolen.com\/en\/wp-json\/wp\/v2\/comments?post=5068"}],"version-history":[{"count":1,"href":"https:\/\/luciasmolen.com\/en\/wp-json\/wp\/v2\/product\/5068\/revisions"}],"predecessor-version":[{"id":989500,"href":"https:\/\/luciasmolen.com\/en\/wp-json\/wp\/v2\/product\/5068\/revisions\/989500"}],"wp:featuredmedia":[{"embeddable":true,"href":"https:\/\/luciasmolen.com\/en\/wp-json\/wp\/v2\/media\/987865"}],"wp:attachment":[{"href":"https:\/\/luciasmolen.com\/en\/wp-json\/wp\/v2\/media?parent=5068"}],"wp:term":[{"taxonomy":"product_brand","embeddable":true,"href":"https:\/\/luciasmolen.com\/en\/wp-json\/wp\/v2\/product_brand?post=5068"},{"taxonomy":"product_cat","embeddable":true,"href":"https:\/\/luciasmolen.com\/en\/wp-json\/wp\/v2\/product_cat?post=5068"},{"taxonomy":"product_tag","embeddable":true,"href":"https:\/\/luciasmolen.com\/en\/wp-json\/wp\/v2\/product_tag?post=5068"}],"curies":[{"name":"wp","href":"https:\/\/api.w.org\/{rel}","templated":true}]}}