{"id":3440,"date":"2020-09-21T11:07:32","date_gmt":"2020-09-21T09:07:32","guid":{"rendered":"https:\/\/bijoux.vamtam.com\/?post_type=product&#038;p=3440"},"modified":"2025-08-26T21:25:34","modified_gmt":"2025-08-26T19:25:34","slug":"darcekovy-poukaz-400-eur","status":"publish","type":"product","link":"https:\/\/luciasmolen.com\/en\/product\/darcekovy-poukaz-400-eur\/","title":{"rendered":"Gift voucher 400 EUR"},"content":{"rendered":"<div class=\"vgblk-rw-wrapper limit-wrapper\">\n<div class=\"elementor-element elementor-element-437b28b elementor-widget elementor-widget-text-editor\" data-id=\"437b28b\" data-element_type=\"widget\" data-widget_type=\"text-editor.default\">\n<div class=\"elementor-widget-container\">Pri rozdiele v cene objedn\u00e1vky v\u00e1s kontaktujeme a vyrie\u0161ime prostredn\u00edctvom dohody individu\u00e1lne.<\/div>\n<\/div>\n<div class=\"elementor-element elementor-element-e8c4a0c elementor-widget elementor-widget-heading\" data-id=\"e8c4a0c\" data-element_type=\"widget\" data-widget_type=\"heading.default\">\n<div class=\"elementor-widget-container\"><\/div>\n<\/div>\n<\/div>\n<p><!-- .vgblk-rw-wrapper --><\/p>","protected":false},"excerpt":{"rendered":"<p>Pri rozdiele v cene objedn\u00e1vky v\u00e1s kontaktujeme a vyrie\u0161ime prostredn\u00edctvom dohody.<\/p>","protected":false},"featured_media":988195,"comment_status":"open","ping_status":"closed","template":"","meta":[],"product_brand":[],"product_cat":[28],"product_tag":[29],"class_list":{"0":"post-3440","1":"product","2":"type-product","3":"status-publish","4":"has-post-thumbnail","6":"product_cat-darcekove-poukazy","7":"product_tag-gift-card","9":"first","10":"instock","11":"virtual","12":"purchasable","13":"product-type-simple"},"_links":{"self":[{"href":"https:\/\/luciasmolen.com\/en\/wp-json\/wp\/v2\/product\/3440","targetHints":{"allow":["GET"]}}],"collection":[{"href":"https:\/\/luciasmolen.com\/en\/wp-json\/wp\/v2\/product"}],"about":[{"href":"https:\/\/luciasmolen.com\/en\/wp-json\/wp\/v2\/types\/product"}],"replies":[{"embeddable":true,"href":"https:\/\/luciasmolen.com\/en\/wp-json\/wp\/v2\/comments?post=3440"}],"version-history":[{"count":1,"href":"https:\/\/luciasmolen.com\/en\/wp-json\/wp\/v2\/product\/3440\/revisions"}],"predecessor-version":[{"id":989593,"href":"https:\/\/luciasmolen.com\/en\/wp-json\/wp\/v2\/product\/3440\/revisions\/989593"}],"wp:featuredmedia":[{"embeddable":true,"href":"https:\/\/luciasmolen.com\/en\/wp-json\/wp\/v2\/media\/988195"}],"wp:attachment":[{"href":"https:\/\/luciasmolen.com\/en\/wp-json\/wp\/v2\/media?parent=3440"}],"wp:term":[{"taxonomy":"product_brand","embeddable":true,"href":"https:\/\/luciasmolen.com\/en\/wp-json\/wp\/v2\/product_brand?post=3440"},{"taxonomy":"product_cat","embeddable":true,"href":"https:\/\/luciasmolen.com\/en\/wp-json\/wp\/v2\/product_cat?post=3440"},{"taxonomy":"product_tag","embeddable":true,"href":"https:\/\/luciasmolen.com\/en\/wp-json\/wp\/v2\/product_tag?post=3440"}],"curies":[{"name":"wp","href":"https:\/\/api.w.org\/{rel}","templated":true}]}}