{"id":988517,"date":"2022-10-03T20:18:59","date_gmt":"2022-10-03T18:18:59","guid":{"rendered":"http:\/\/luciasmolen.com\/?page_id=988517"},"modified":"2022-10-04T12:43:20","modified_gmt":"2022-10-04T10:43:20","slug":"naramky","status":"publish","type":"page","link":"https:\/\/luciasmolen.com\/en\/obchod\/naramky\/","title":{"rendered":"Bracelets"},"content":{"rendered":"<div data-elementor-type=\"wp-page\" data-elementor-id=\"988517\" class=\"elementor elementor-988517\" data-elementor-post-type=\"page\">\n\t\t\t\t\t\t<section class=\"elementor-section elementor-top-section elementor-element elementor-element-f2fd5f6 elementor-section-boxed elementor-section-height-default elementor-section-height-default\" data-id=\"f2fd5f6\" data-element_type=\"section\">\n\t\t\t\t\t\t<div class=\"elementor-container elementor-column-gap-default\">\n\t\t\t\t\t<div class=\"elementor-column elementor-col-100 elementor-top-column elementor-element elementor-element-efd2df4\" data-id=\"efd2df4\" data-element_type=\"column\">\n\t\t\t<div class=\"elementor-widget-wrap elementor-element-populated\">\n\t\t\t\t\t\t<div class=\"elementor-element elementor-element-6e8d465 elementor-widget elementor-widget-template\" data-id=\"6e8d465\" data-element_type=\"widget\" data-widget_type=\"template.default\">\n\t\t\t\t<div class=\"elementor-widget-container\">\n\t\t\t\t\t\t\t<div class=\"elementor-template\">\n\t\t\t\t\t<div data-elementor-type=\"section\" data-elementor-id=\"3553\" class=\"elementor elementor-3553\" data-elementor-post-type=\"elementor_library\">\n\t\t\t\t\t<section class=\"elementor-section elementor-top-section elementor-element elementor-element-47188a9 elementor-section-boxed elementor-section-height-default elementor-section-height-default\" data-id=\"47188a9\" data-element_type=\"section\">\n\t\t\t\t\t\t<div class=\"elementor-container elementor-column-gap-default\">\n\t\t\t\t\t<div class=\"elementor-column elementor-col-100 elementor-top-column elementor-element elementor-element-8c26611\" data-id=\"8c26611\" data-element_type=\"column\">\n\t\t\t<div class=\"elementor-widget-wrap elementor-element-populated\">\n\t\t\t\t\t\t<div class=\"elementor-element elementor-element-a9b410c elementor-grid-tablet-2 elementor-grid-3 elementor-grid-mobile-1 elementor-products-grid elementor-wc-products elementor-widget elementor-widget-woocommerce-products\" data-id=\"a9b410c\" data-element_type=\"widget\" data-widget_type=\"woocommerce-products.default\">\n\t\t\t\t<div class=\"elementor-widget-container\">\n\t\t\t\t\t<div class=\"woocommerce columns-3\"><ul class=\"products elementor-grid vamtam-wc columns-3\">\n<li class=\"product type-product post-989234 status-publish first instock product_cat-naramky product_tag-14k-zlato product_tag-moissanit has-post-thumbnail shipping-taxable purchasable product-type-simple\">\n\t<a href=\"https:\/\/luciasmolen.com\/en\/product\/naramok-moissanit\/\" class=\"woocommerce-LoopProduct-link woocommerce-loop-product__link\"><img fetchpriority=\"high\" decoding=\"async\" width=\"420\" height=\"700\" src=\"https:\/\/luciasmolen.com\/wp-content\/uploads\/2024\/06\/IMG_0460-copy-2-scaled-420x700.jpg\" class=\"attachment-woocommerce_thumbnail size-woocommerce_thumbnail\" alt=\"n\u00e1ramok s moissanitom,\" \/>\t\t\t<\/a>\t\t\t<!-- Open content -->\n\t\t\t<div class=\"vamtam-product-content\">\n\t\t\t<a href=\"https:\/\/luciasmolen.com\/en\/product\/naramok-moissanit\/\" class=\"woocommerce-LoopProduct-link woocommerce-loop-product__link\"><h2 class=\"woocommerce-loop-product__title\">Bracelet with moissanite<\/h2>\n\t<span class=\"price\"><span class=\"woocommerce-Price-amount amount\"><bdi><span class=\"woocommerce-Price-currencySymbol\">&euro;<\/span>449<\/bdi><\/span><\/span>\n\t\t\t\t\t<\/a><div class=\"vamtam-product-tags\"><a href=\"https:\/\/luciasmolen.com\/en\/product-tag\/14k-zlato\/\" rel=\"tag\">14k gold<\/a><span class=\"separator\">  \u30fb  <\/span><a href=\"https:\/\/luciasmolen.com\/en\/product-tag\/moissanit\/\" rel=\"tag\">Moissanite<\/a><\/div>\t\t\t<\/div>\n\t\t\t<!-- Close content -->\n\t\t\t\t\t\t<span id=\"woocommerce_loop_add_to_cart_link_describedby_989234\" class=\"screen-reader-text\">\n\t\t\t<\/span>\n<span class=\"gtm4wp_productdata\" style=\"display:none; visibility:hidden;\" data-gtm4wp_product_data=\"{&quot;internal_id&quot;:989234,&quot;item_id&quot;:989234,&quot;item_name&quot;:&quot;N\\u00e1ramok s moissanitom&quot;,&quot;sku&quot;:989234,&quot;price&quot;:449,&quot;stocklevel&quot;:null,&quot;stockstatus&quot;:&quot;instock&quot;,&quot;google_business_vertical&quot;:&quot;retail&quot;,&quot;item_category&quot;:&quot;N\\u00e1ramky&quot;,&quot;id&quot;:989234,&quot;productlink&quot;:&quot;https:\\\/\\\/luciasmolen.com\\\/en\\\/product\\\/naramok-moissanit\\\/&quot;,&quot;item_list_name&quot;:&quot;General Product List&quot;,&quot;index&quot;:1,&quot;product_type&quot;:&quot;simple&quot;,&quot;item_brand&quot;:&quot;&quot;}\"><\/span><\/li>\n<li class=\"product type-product post-989112 status-publish instock product_cat-naramky has-post-thumbnail shipping-taxable purchasable product-type-simple\">\n\t<a href=\"https:\/\/luciasmolen.com\/en\/product\/naramok-so-smaragdom\/\" class=\"woocommerce-LoopProduct-link woocommerce-loop-product__link\"><img decoding=\"async\" width=\"420\" height=\"700\" src=\"https:\/\/luciasmolen.com\/wp-content\/uploads\/2024\/02\/1_naramok_smaragd-420x700.png\" class=\"attachment-woocommerce_thumbnail size-woocommerce_thumbnail\" alt=\"zlat\u00fd n\u00e1ramok\" \/>\t\t\t<\/a>\t\t\t<!-- Open content -->\n\t\t\t<div class=\"vamtam-product-content\">\n\t\t\t<a href=\"https:\/\/luciasmolen.com\/en\/product\/naramok-so-smaragdom\/\" class=\"woocommerce-LoopProduct-link woocommerce-loop-product__link\"><h2 class=\"woocommerce-loop-product__title\">Bracelet with emerald<\/h2>\n\t<span class=\"price\"><span class=\"woocommerce-Price-amount amount\"><bdi><span class=\"woocommerce-Price-currencySymbol\">&euro;<\/span>449<\/bdi><\/span><\/span>\n\t\t\t\t\t<\/a><div class=\"vamtam-product-tags\"><\/div>\t\t\t<\/div>\n\t\t\t<!-- Close content -->\n\t\t\t\t\t\t<span id=\"woocommerce_loop_add_to_cart_link_describedby_989112\" class=\"screen-reader-text\">\n\t\t\t<\/span>\n<span class=\"gtm4wp_productdata\" style=\"display:none; visibility:hidden;\" data-gtm4wp_product_data=\"{&quot;internal_id&quot;:989112,&quot;item_id&quot;:989112,&quot;item_name&quot;:&quot;N\\u00e1ramok so smaragdom&quot;,&quot;sku&quot;:989112,&quot;price&quot;:449,&quot;stocklevel&quot;:null,&quot;stockstatus&quot;:&quot;instock&quot;,&quot;google_business_vertical&quot;:&quot;retail&quot;,&quot;item_category&quot;:&quot;N\\u00e1ramky&quot;,&quot;id&quot;:989112,&quot;productlink&quot;:&quot;https:\\\/\\\/luciasmolen.com\\\/en\\\/product\\\/naramok-so-smaragdom\\\/&quot;,&quot;item_list_name&quot;:&quot;General Product List&quot;,&quot;index&quot;:2,&quot;product_type&quot;:&quot;simple&quot;,&quot;item_brand&quot;:&quot;&quot;}\"><\/span><\/li>\n<li class=\"product type-product post-989118 status-publish last instock product_cat-naramky has-post-thumbnail shipping-taxable purchasable product-type-simple\">\n\t<a href=\"https:\/\/luciasmolen.com\/en\/product\/naramok-so-symbolom-slovanskej-bohyne-lady\/\" class=\"woocommerce-LoopProduct-link woocommerce-loop-product__link\"><img decoding=\"async\" width=\"420\" height=\"700\" src=\"https:\/\/luciasmolen.com\/wp-content\/uploads\/2024\/02\/1_naramok_symbol-420x700.png\" class=\"attachment-woocommerce_thumbnail size-woocommerce_thumbnail\" alt=\"zlat\u00fd n\u00e1ramok\" \/>\t\t\t<\/a>\t\t\t<!-- Open content -->\n\t\t\t<div class=\"vamtam-product-content\">\n\t\t\t<a href=\"https:\/\/luciasmolen.com\/en\/product\/naramok-so-symbolom-slovanskej-bohyne-lady\/\" class=\"woocommerce-LoopProduct-link woocommerce-loop-product__link\"><h2 class=\"woocommerce-loop-product__title\">Bracelet with the symbol of the Slavic goddess Lady<\/h2>\n\t<span class=\"price\"><span class=\"woocommerce-Price-amount amount\"><bdi><span class=\"woocommerce-Price-currencySymbol\">&euro;<\/span>400<\/bdi><\/span><\/span>\n\t\t\t\t\t<\/a><div class=\"vamtam-product-tags\"><\/div>\t\t\t<\/div>\n\t\t\t<!-- Close content -->\n\t\t\t\t\t\t<span id=\"woocommerce_loop_add_to_cart_link_describedby_989118\" class=\"screen-reader-text\">\n\t\t\t<\/span>\n<span class=\"gtm4wp_productdata\" style=\"display:none; visibility:hidden;\" data-gtm4wp_product_data=\"{&quot;internal_id&quot;:989118,&quot;item_id&quot;:989118,&quot;item_name&quot;:&quot;N\\u00e1ramok so symbolom slovanskej bohyne Lady&quot;,&quot;sku&quot;:989118,&quot;price&quot;:400,&quot;stocklevel&quot;:null,&quot;stockstatus&quot;:&quot;instock&quot;,&quot;google_business_vertical&quot;:&quot;retail&quot;,&quot;item_category&quot;:&quot;N\\u00e1ramky&quot;,&quot;id&quot;:989118,&quot;productlink&quot;:&quot;https:\\\/\\\/luciasmolen.com\\\/en\\\/product\\\/naramok-so-symbolom-slovanskej-bohyne-lady\\\/&quot;,&quot;item_list_name&quot;:&quot;General Product List&quot;,&quot;index&quot;:3,&quot;product_type&quot;:&quot;simple&quot;,&quot;item_brand&quot;:&quot;&quot;}\"><\/span><\/li>\n<\/ul>\n<\/div>\t\t\t\t<\/div>\n\t\t\t\t<\/div>\n\t\t\t\t\t<\/div>\n\t\t<\/div>\n\t\t\t\t\t<\/div>\n\t\t<\/section>\n\t\t\t\t<\/div>\n\t\t\t\t<\/div>\n\t\t\t\t\t\t<\/div>\n\t\t\t\t<\/div>\n\t\t\t\t\t<\/div>\n\t\t<\/div>\n\t\t\t\t\t<\/div>\n\t\t<\/section>\n\t\t\t\t<section class=\"elementor-section elementor-top-section elementor-element elementor-element-1c5187f elementor-section-boxed elementor-section-height-default elementor-section-height-default\" data-id=\"1c5187f\" data-element_type=\"section\">\n\t\t\t\t\t\t<div class=\"elementor-container elementor-column-gap-default\">\n\t\t\t\t\t<div class=\"elementor-column elementor-col-100 elementor-top-column elementor-element elementor-element-edc3f04\" data-id=\"edc3f04\" data-element_type=\"column\">\n\t\t\t<div class=\"elementor-widget-wrap elementor-element-populated\">\n\t\t\t\t\t\t<div class=\"elementor-element elementor-element-7c6dd0b elementor-widget elementor-widget-spacer\" data-id=\"7c6dd0b\" data-element_type=\"widget\" data-widget_type=\"spacer.default\">\n\t\t\t\t<div class=\"elementor-widget-container\">\n\t\t\t\t\t\t\t<div class=\"elementor-spacer\">\n\t\t\t<div class=\"elementor-spacer-inner\"><\/div>\n\t\t<\/div>\n\t\t\t\t\t\t<\/div>\n\t\t\t\t<\/div>\n\t\t\t\t<div class=\"elementor-element elementor-element-db57370 elementor-widget elementor-widget-heading\" data-id=\"db57370\" data-element_type=\"widget\" data-widget_type=\"heading.default\">\n\t\t\t\t<div class=\"elementor-widget-container\">\n\t\t\t\t\t<h2 class=\"elementor-heading-title elementor-size-default\">You may be interested in...<\/h2>\t\t\t\t<\/div>\n\t\t\t\t<\/div>\n\t\t\t\t<div class=\"elementor-element elementor-element-bce78f0 elementor-grid-4 elementor-grid-tablet-3 elementor-grid-mobile-2 elementor-products-grid elementor-wc-products elementor-widget elementor-widget-woocommerce-products\" data-id=\"bce78f0\" data-element_type=\"widget\" data-widget_type=\"woocommerce-products.default\">\n\t\t\t\t<div class=\"elementor-widget-container\">\n\t\t\t\t\t<div class=\"woocommerce columns-4\"><ul class=\"products elementor-grid vamtam-wc columns-4\">\n<li class=\"product type-product post-989532 status-publish first instock product_cat-nahrdelniky product_tag-14k-zlato product_tag-nahrdelnik has-post-thumbnail shipping-taxable purchasable product-type-simple\">\n\t<a href=\"https:\/\/luciasmolen.com\/en\/product\/privesok-s-kristalom\/\" class=\"woocommerce-LoopProduct-link woocommerce-loop-product__link\"><img loading=\"lazy\" decoding=\"async\" width=\"420\" height=\"700\" src=\"https:\/\/luciasmolen.com\/wp-content\/uploads\/2025\/05\/0F6A2233-420x700.jpg\" class=\"attachment-woocommerce_thumbnail size-woocommerce_thumbnail\" alt=\"Pr\u00edvesok s kri\u0161t\u00e1\u013eom\" srcset=\"https:\/\/luciasmolen.com\/wp-content\/uploads\/2025\/05\/0F6A2233-420x700.jpg 420w, https:\/\/luciasmolen.com\/wp-content\/uploads\/2025\/05\/0F6A2233-8x12.jpg 8w, https:\/\/luciasmolen.com\/wp-content\/uploads\/2025\/05\/0F6A2233-840x1400.jpg 840w\" sizes=\"(max-width: 420px) 100vw, 420px\" \/>\t\t\t<\/a>\t\t\t<!-- Open content -->\n\t\t\t<div class=\"vamtam-product-content\">\n\t\t\t<a href=\"https:\/\/luciasmolen.com\/en\/product\/privesok-s-kristalom\/\" class=\"woocommerce-LoopProduct-link woocommerce-loop-product__link\"><h2 class=\"woocommerce-loop-product__title\">Crystal pendant<\/h2>\n\t<span class=\"price\"><span class=\"woocommerce-Price-amount amount\"><bdi><span class=\"woocommerce-Price-currencySymbol\">&euro;<\/span>695<\/bdi><\/span><\/span>\n\t\t\t\t\t<\/a><div class=\"vamtam-product-tags\"><a href=\"https:\/\/luciasmolen.com\/en\/product-tag\/14k-zlato\/\" rel=\"tag\">14k gold<\/a><span class=\"separator\">  \u30fb  <\/span><a href=\"https:\/\/luciasmolen.com\/en\/product-tag\/nahrdelnik\/\" rel=\"tag\">Necklace<\/a><\/div>\t\t\t<\/div>\n\t\t\t<!-- Close content -->\n\t\t\t\t\t\t<span id=\"woocommerce_loop_add_to_cart_link_describedby_989532\" class=\"screen-reader-text\">\n\t\t\t<\/span>\n<span class=\"gtm4wp_productdata\" style=\"display:none; visibility:hidden;\" data-gtm4wp_product_data=\"{&quot;internal_id&quot;:989532,&quot;item_id&quot;:989532,&quot;item_name&quot;:&quot;Pr\\u00edvesok s kri\\u0161t\\u00e1\\u013eom&quot;,&quot;sku&quot;:989532,&quot;price&quot;:695,&quot;stocklevel&quot;:null,&quot;stockstatus&quot;:&quot;instock&quot;,&quot;google_business_vertical&quot;:&quot;retail&quot;,&quot;item_category&quot;:&quot;N\\u00e1hrdeln\\u00edky&quot;,&quot;id&quot;:989532,&quot;productlink&quot;:&quot;https:\\\/\\\/luciasmolen.com\\\/en\\\/product\\\/privesok-s-kristalom\\\/&quot;,&quot;item_list_name&quot;:&quot;General Product List&quot;,&quot;index&quot;:1,&quot;product_type&quot;:&quot;simple&quot;,&quot;item_brand&quot;:&quot;&quot;}\"><\/span><\/li>\n<li class=\"product type-product post-5100 status-publish instock product_cat-nahrdelniky product_tag-lab-grown product_tag-nahrdelnik has-post-thumbnail shipping-taxable purchasable product-type-simple\">\n\t<a href=\"https:\/\/luciasmolen.com\/en\/product\/jemny-nahrdelnik-lab-grown\/\" class=\"woocommerce-LoopProduct-link woocommerce-loop-product__link\"><img loading=\"lazy\" decoding=\"async\" width=\"420\" height=\"700\" src=\"https:\/\/luciasmolen.com\/wp-content\/uploads\/2020\/10\/IMG_8366f-scaled-420x700.jpg\" class=\"attachment-woocommerce_thumbnail size-woocommerce_thumbnail\" alt=\"jemn\u00e1 retiazka\" \/>\t\t\t<\/a>\t\t\t<!-- Open content -->\n\t\t\t<div class=\"vamtam-product-content\">\n\t\t\t<a href=\"https:\/\/luciasmolen.com\/en\/product\/jemny-nahrdelnik-lab-grown\/\" class=\"woocommerce-LoopProduct-link woocommerce-loop-product__link\"><h2 class=\"woocommerce-loop-product__title\">Jemn\u00e1 retiazka s &#8222;pr\u00edrodn\u00fdmi briliantami&#8220;<\/h2>\n\t<span class=\"price\"><span class=\"woocommerce-Price-amount amount\"><bdi><span class=\"woocommerce-Price-currencySymbol\">&euro;<\/span>1065<\/bdi><\/span><\/span>\n\t\t\t\t\t<\/a><div class=\"vamtam-product-tags\"><a href=\"https:\/\/luciasmolen.com\/en\/product-tag\/lab-grown\/\" rel=\"tag\">Lab grown<\/a><span class=\"separator\">  \u30fb  <\/span><a href=\"https:\/\/luciasmolen.com\/en\/product-tag\/nahrdelnik\/\" rel=\"tag\">Necklace<\/a><\/div>\t\t\t<\/div>\n\t\t\t<!-- Close content -->\n\t\t\t\t\t\t<span id=\"woocommerce_loop_add_to_cart_link_describedby_5100\" class=\"screen-reader-text\">\n\t\t\t<\/span>\n<span class=\"gtm4wp_productdata\" style=\"display:none; visibility:hidden;\" data-gtm4wp_product_data=\"{&quot;internal_id&quot;:5100,&quot;item_id&quot;:5100,&quot;item_name&quot;:&quot;Jemn\\u00e1 retiazka s \\&quot;pr\\u00edrodn\\u00fdmi briliantami\\&quot;&quot;,&quot;sku&quot;:5100,&quot;price&quot;:1065,&quot;stocklevel&quot;:null,&quot;stockstatus&quot;:&quot;instock&quot;,&quot;google_business_vertical&quot;:&quot;retail&quot;,&quot;item_category&quot;:&quot;N\\u00e1hrdeln\\u00edky&quot;,&quot;id&quot;:5100,&quot;productlink&quot;:&quot;https:\\\/\\\/luciasmolen.com\\\/en\\\/product\\\/jemny-nahrdelnik-lab-grown\\\/&quot;,&quot;item_list_name&quot;:&quot;General Product List&quot;,&quot;index&quot;:2,&quot;product_type&quot;:&quot;simple&quot;,&quot;item_brand&quot;:&quot;&quot;}\"><\/span><\/li>\n<li class=\"product type-product post-989253 status-publish instock product_cat-nahrdelniky product_tag-14k-zlato product_tag-lab-grown product_tag-nahrdelnik has-post-thumbnail shipping-taxable purchasable product-type-simple\">\n\t<a href=\"https:\/\/luciasmolen.com\/en\/product\/bejby-ruzenin-so-stredovym-malym-ruzeninom\/\" class=\"woocommerce-LoopProduct-link woocommerce-loop-product__link\"><img loading=\"lazy\" decoding=\"async\" width=\"420\" height=\"700\" src=\"https:\/\/luciasmolen.com\/wp-content\/uploads\/2024\/07\/image00008-420x700.jpeg\" class=\"attachment-woocommerce_thumbnail size-woocommerce_thumbnail\" alt=\"ru\u017een\u00edn\" srcset=\"https:\/\/luciasmolen.com\/wp-content\/uploads\/2024\/07\/image00008-420x700.jpeg 420w, https:\/\/luciasmolen.com\/wp-content\/uploads\/2024\/07\/image00008-840x1400.jpeg 840w\" sizes=\"(max-width: 420px) 100vw, 420px\" \/>\t\t\t<\/a>\t\t\t<!-- Open content -->\n\t\t\t<div class=\"vamtam-product-content\">\n\t\t\t<a href=\"https:\/\/luciasmolen.com\/en\/product\/bejby-ruzenin-so-stredovym-malym-ruzeninom\/\" class=\"woocommerce-LoopProduct-link woocommerce-loop-product__link\"><h2 class=\"woocommerce-loop-product__title\">Baby rose quartz with a small central rose quartz<\/h2>\n\t<span class=\"price\"><span class=\"woocommerce-Price-amount amount\"><bdi><span class=\"woocommerce-Price-currencySymbol\">&euro;<\/span>955<\/bdi><\/span><\/span>\n\t\t\t\t\t<\/a><div class=\"vamtam-product-tags\"><a href=\"https:\/\/luciasmolen.com\/en\/product-tag\/14k-zlato\/\" rel=\"tag\">14k gold<\/a><span class=\"separator\">  \u30fb  <\/span><a href=\"https:\/\/luciasmolen.com\/en\/product-tag\/lab-grown\/\" rel=\"tag\">Lab grown<\/a><span class=\"separator\">  \u30fb  <\/span><a href=\"https:\/\/luciasmolen.com\/en\/product-tag\/nahrdelnik\/\" rel=\"tag\">Necklace<\/a><\/div>\t\t\t<\/div>\n\t\t\t<!-- Close content -->\n\t\t\t\t\t\t<span id=\"woocommerce_loop_add_to_cart_link_describedby_989253\" class=\"screen-reader-text\">\n\t\t\t<\/span>\n<span class=\"gtm4wp_productdata\" style=\"display:none; visibility:hidden;\" data-gtm4wp_product_data=\"{&quot;internal_id&quot;:989253,&quot;item_id&quot;:989253,&quot;item_name&quot;:&quot;Bejby ru\\u017een\\u00edn so stredov\\u00fdm mal\\u00fdm ru\\u017een\\u00ednom&quot;,&quot;sku&quot;:989253,&quot;price&quot;:955,&quot;stocklevel&quot;:null,&quot;stockstatus&quot;:&quot;instock&quot;,&quot;google_business_vertical&quot;:&quot;retail&quot;,&quot;item_category&quot;:&quot;N\\u00e1hrdeln\\u00edky&quot;,&quot;id&quot;:989253,&quot;productlink&quot;:&quot;https:\\\/\\\/luciasmolen.com\\\/en\\\/product\\\/bejby-ruzenin-so-stredovym-malym-ruzeninom\\\/&quot;,&quot;item_list_name&quot;:&quot;General Product List&quot;,&quot;index&quot;:3,&quot;product_type&quot;:&quot;simple&quot;,&quot;item_brand&quot;:&quot;&quot;}\"><\/span><\/li>\n<li class=\"product type-product post-988642 status-publish last instock product_cat-nahrdelniky product_tag-moissanit product_tag-nahrdelnik has-post-thumbnail shipping-taxable purchasable product-type-simple\">\n\t<a href=\"https:\/\/luciasmolen.com\/en\/product\/ypsilonova-retiazka-s-moissanitom\/\" class=\"woocommerce-LoopProduct-link woocommerce-loop-product__link\"><img loading=\"lazy\" decoding=\"async\" width=\"420\" height=\"700\" src=\"https:\/\/luciasmolen.com\/wp-content\/uploads\/2022\/10\/IMG_4597-scaled-420x700.webp\" class=\"attachment-woocommerce_thumbnail size-woocommerce_thumbnail\" alt=\"n\u00e1hrdeln\u00edk s moissanitom\" srcset=\"https:\/\/luciasmolen.com\/wp-content\/uploads\/2022\/10\/IMG_4597-scaled-420x700.webp 420w, https:\/\/luciasmolen.com\/wp-content\/uploads\/2022\/10\/IMG_4597-scaled-840x1400.webp 840w\" sizes=\"(max-width: 420px) 100vw, 420px\" \/>\t\t\t<\/a>\t\t\t<!-- Open content -->\n\t\t\t<div class=\"vamtam-product-content\">\n\t\t\t<a href=\"https:\/\/luciasmolen.com\/en\/product\/ypsilonova-retiazka-s-moissanitom\/\" class=\"woocommerce-LoopProduct-link woocommerce-loop-product__link\"><h2 class=\"woocommerce-loop-product__title\">Ypsilon necklace with moissanite<\/h2>\n\t<span class=\"price\"><span class=\"woocommerce-Price-amount amount\"><bdi><span class=\"woocommerce-Price-currencySymbol\">&euro;<\/span>755<\/bdi><\/span><\/span>\n\t\t\t\t\t<\/a><div class=\"vamtam-product-tags\"><a href=\"https:\/\/luciasmolen.com\/en\/product-tag\/moissanit\/\" rel=\"tag\">Moissanite<\/a><span class=\"separator\">  \u30fb  <\/span><a href=\"https:\/\/luciasmolen.com\/en\/product-tag\/nahrdelnik\/\" rel=\"tag\">Necklace<\/a><\/div>\t\t\t<\/div>\n\t\t\t<!-- Close content -->\n\t\t\t\t\t\t<span id=\"woocommerce_loop_add_to_cart_link_describedby_988642\" class=\"screen-reader-text\">\n\t\t\t<\/span>\n<span class=\"gtm4wp_productdata\" style=\"display:none; visibility:hidden;\" data-gtm4wp_product_data=\"{&quot;internal_id&quot;:988642,&quot;item_id&quot;:988642,&quot;item_name&quot;:&quot;Ypsilonov\\u00e1 retiazka s moissanitom&quot;,&quot;sku&quot;:988642,&quot;price&quot;:755,&quot;stocklevel&quot;:null,&quot;stockstatus&quot;:&quot;instock&quot;,&quot;google_business_vertical&quot;:&quot;retail&quot;,&quot;item_category&quot;:&quot;N\\u00e1hrdeln\\u00edky&quot;,&quot;id&quot;:988642,&quot;productlink&quot;:&quot;https:\\\/\\\/luciasmolen.com\\\/en\\\/product\\\/ypsilonova-retiazka-s-moissanitom\\\/&quot;,&quot;item_list_name&quot;:&quot;General Product List&quot;,&quot;index&quot;:4,&quot;product_type&quot;:&quot;simple&quot;,&quot;item_brand&quot;:&quot;&quot;}\"><\/span><\/li>\n<\/ul>\n<\/div>\t\t\t\t<\/div>\n\t\t\t\t<\/div>\n\t\t\t\t\t<\/div>\n\t\t<\/div>\n\t\t\t\t\t<\/div>\n\t\t<\/section>\n\t\t\t\t<\/div>","protected":false},"excerpt":{"rendered":"<p>Mo\u017eno v\u00e1s zauj\u00edma&#8230;<\/p>","protected":false},"author":1,"featured_media":0,"parent":8,"menu_order":3,"comment_status":"closed","ping_status":"closed","template":"","meta":{"footnotes":""},"class_list":["post-988517","page","type-page","status-publish","hentry"],"_links":{"self":[{"href":"https:\/\/luciasmolen.com\/en\/wp-json\/wp\/v2\/pages\/988517","targetHints":{"allow":["GET"]}}],"collection":[{"href":"https:\/\/luciasmolen.com\/en\/wp-json\/wp\/v2\/pages"}],"about":[{"href":"https:\/\/luciasmolen.com\/en\/wp-json\/wp\/v2\/types\/page"}],"author":[{"embeddable":true,"href":"https:\/\/luciasmolen.com\/en\/wp-json\/wp\/v2\/users\/1"}],"replies":[{"embeddable":true,"href":"https:\/\/luciasmolen.com\/en\/wp-json\/wp\/v2\/comments?post=988517"}],"version-history":[{"count":0,"href":"https:\/\/luciasmolen.com\/en\/wp-json\/wp\/v2\/pages\/988517\/revisions"}],"up":[{"embeddable":true,"href":"https:\/\/luciasmolen.com\/en\/wp-json\/wp\/v2\/pages\/8"}],"wp:attachment":[{"href":"https:\/\/luciasmolen.com\/en\/wp-json\/wp\/v2\/media?parent=988517"}],"curies":[{"name":"wp","href":"https:\/\/api.w.org\/{rel}","templated":true}]}}