{"id":45,"date":"2020-03-02T08:39:49","date_gmt":"2020-03-02T07:39:49","guid":{"rendered":"https:\/\/bijoux.vamtam.com\/?page_id=45"},"modified":"2023-08-25T08:42:36","modified_gmt":"2023-08-25T06:42:36","slug":"doprava","status":"publish","type":"page","link":"https:\/\/luciasmolen.com\/en\/doprava\/","title":{"rendered":"Shipping"},"content":{"rendered":"<div data-elementor-type=\"wp-page\" data-elementor-id=\"45\" class=\"elementor elementor-45\" data-elementor-post-type=\"page\">\n\t\t\t\t\t\t<section class=\"elementor-section elementor-top-section elementor-element elementor-element-59b62c4e elementor-section-content-middle elementor-reverse-mobile elementor-section-boxed elementor-section-height-default elementor-section-height-default\" data-id=\"59b62c4e\" data-element_type=\"section\">\n\t\t\t\t\t\t<div class=\"elementor-container elementor-column-gap-default\">\n\t\t\t\t\t<div class=\"elementor-column elementor-col-50 elementor-top-column elementor-element elementor-element-cf33f7e\" data-id=\"cf33f7e\" data-element_type=\"column\">\n\t\t\t<div class=\"elementor-widget-wrap elementor-element-populated\">\n\t\t\t\t\t\t<div class=\"elementor-element elementor-element-74af678 animated-slow elementor-invisible elementor-widget elementor-widget-heading\" data-id=\"74af678\" data-element_type=\"widget\" data-settings=\"{&quot;motion_fx_motion_fx_scrolling&quot;:&quot;yes&quot;,&quot;motion_fx_translateY_effect&quot;:&quot;yes&quot;,&quot;motion_fx_translateY_direction&quot;:&quot;negative&quot;,&quot;motion_fx_translateY_speed&quot;:{&quot;unit&quot;:&quot;px&quot;,&quot;size&quot;:2,&quot;sizes&quot;:[]},&quot;motion_fx_devices&quot;:[&quot;desktop&quot;],&quot;_animation&quot;:&quot;fadeInUp&quot;,&quot;_animation_delay&quot;:200,&quot;motion_fx_translateY_affectedRange&quot;:{&quot;unit&quot;:&quot;%&quot;,&quot;size&quot;:&quot;&quot;,&quot;sizes&quot;:{&quot;start&quot;:0,&quot;end&quot;:100}}}\" data-widget_type=\"heading.default\">\n\t\t\t\t<div class=\"elementor-widget-container\">\n\t\t\t\t\t<h1 class=\"elementor-heading-title elementor-size-default\">Delivery<\/h1>\t\t\t\t<\/div>\n\t\t\t\t<\/div>\n\t\t\t\t\t<\/div>\n\t\t<\/div>\n\t\t\t\t<div class=\"elementor-column elementor-col-50 elementor-top-column elementor-element elementor-element-2af071bf animated-slow elementor-invisible\" data-id=\"2af071bf\" data-element_type=\"column\" data-settings=\"{&quot;background_background&quot;:&quot;classic&quot;,&quot;animation&quot;:&quot;fadeIn&quot;,&quot;animation_delay&quot;:300}\">\n\t\t\t<div class=\"elementor-widget-wrap elementor-element-populated\">\n\t\t\t\t\t\t<div class=\"elementor-element elementor-element-669c1516 elementor-widget elementor-widget-spacer\" data-id=\"669c1516\" data-element_type=\"widget\" data-widget_type=\"spacer.default\">\n\t\t\t\t<div class=\"elementor-widget-container\">\n\t\t\t\t\t\t\t<div class=\"elementor-spacer\">\n\t\t\t<div class=\"elementor-spacer-inner\"><\/div>\n\t\t<\/div>\n\t\t\t\t\t\t<\/div>\n\t\t\t\t<\/div>\n\t\t\t\t\t<\/div>\n\t\t<\/div>\n\t\t\t\t\t<\/div>\n\t\t<\/section>\n\t\t\t\t<section class=\"elementor-section elementor-top-section elementor-element elementor-element-65598ae elementor-section-content-middle elementor-reverse-mobile elementor-section-boxed elementor-section-height-default elementor-section-height-default\" data-id=\"65598ae\" data-element_type=\"section\">\n\t\t\t\t\t\t<div class=\"elementor-container elementor-column-gap-default\">\n\t\t\t\t\t<div class=\"elementor-column elementor-col-50 elementor-top-column elementor-element elementor-element-5cf6809\" data-id=\"5cf6809\" data-element_type=\"column\" data-settings=\"{&quot;background_background&quot;:&quot;classic&quot;}\">\n\t\t\t<div class=\"elementor-widget-wrap elementor-element-populated\">\n\t\t\t\t\t\t<div class=\"elementor-element elementor-element-2c0b885 elementor-invisible elementor-widget elementor-widget-image\" data-id=\"2c0b885\" data-element_type=\"widget\" data-settings=\"{&quot;_animation&quot;:&quot;growFromLeft&quot;,&quot;_animation_delay&quot;:500,&quot;_animation_tablet&quot;:&quot;none&quot;,&quot;_animation_mobile&quot;:&quot;none&quot;}\" data-widget_type=\"image.default\">\n\t\t\t\t<div class=\"elementor-widget-container\">\n\t\t\t\t\t\t\t\t\t<div class=\"elementor-image\">\n\t\t\t\t\t\t\t\t\t\t\t\t\t\t\t\t\t\t\t\t\t<img fetchpriority=\"high\" decoding=\"async\" width=\"683\" height=\"1024\" src=\"https:\/\/luciasmolen.com\/wp-content\/uploads\/2021\/10\/IMG_6133-copy-683x1024.jpg\" class=\"attachment-large size-large wp-image-987876\" alt=\"\" srcset=\"https:\/\/luciasmolen.com\/wp-content\/uploads\/2021\/10\/IMG_6133-copy-683x1024.jpg 683w, https:\/\/luciasmolen.com\/wp-content\/uploads\/2021\/10\/IMG_6133-copy-scaled-630x945.jpg 630w, https:\/\/luciasmolen.com\/wp-content\/uploads\/2021\/10\/IMG_6133-copy-200x300.jpg 200w, https:\/\/luciasmolen.com\/wp-content\/uploads\/2021\/10\/IMG_6133-copy-768x1152.jpg 768w, https:\/\/luciasmolen.com\/wp-content\/uploads\/2021\/10\/IMG_6133-copy-1024x1536.jpg 1024w, https:\/\/luciasmolen.com\/wp-content\/uploads\/2021\/10\/IMG_6133-copy-1365x2048.jpg 1365w, https:\/\/luciasmolen.com\/wp-content\/uploads\/2021\/10\/IMG_6133-copy-840x1260.jpg 840w, https:\/\/luciasmolen.com\/wp-content\/uploads\/2021\/10\/IMG_6133-copy-1260x1890.jpg 1260w, https:\/\/luciasmolen.com\/wp-content\/uploads\/2021\/10\/IMG_6133-copy-scaled-420x630.jpg 420w, https:\/\/luciasmolen.com\/wp-content\/uploads\/2021\/10\/IMG_6133-copy-scaled.jpg 1707w\" sizes=\"(max-width: 683px) 100vw, 683px\" \/>\t\t\t\t\t\t\t\t\t\t\t\t\t\t\t\t\t\t\t\t\t\t\t\t<\/div>\n\t\t\t\t\t\t\t\t<\/div>\n\t\t\t\t<\/div>\n\t\t\t\t\t<\/div>\n\t\t<\/div>\n\t\t\t\t<div class=\"elementor-column elementor-col-50 elementor-top-column elementor-element elementor-element-7741be9 elementor-invisible\" data-id=\"7741be9\" data-element_type=\"column\" data-settings=\"{&quot;animation&quot;:&quot;fadeIn&quot;,&quot;animation_delay&quot;:200}\">\n\t\t\t<div class=\"elementor-widget-wrap elementor-element-populated\">\n\t\t\t\t\t\t<div class=\"elementor-element elementor-element-b7672fd elementor-widget elementor-widget-heading\" data-id=\"b7672fd\" data-element_type=\"widget\" data-widget_type=\"heading.default\">\n\t\t\t\t<div class=\"elementor-widget-container\">\n\t\t\t\t\t<h4 class=\"elementor-heading-title elementor-size-default\">Doru\u010denie a\u017e k va\u0161im dver\u00e1m\n<\/h4>\t\t\t\t<\/div>\n\t\t\t\t<\/div>\n\t\t\t\t<div class=\"elementor-element elementor-element-798945c elementor-widget elementor-widget-text-editor\" data-id=\"798945c\" data-element_type=\"widget\" data-widget_type=\"text-editor.default\">\n\t\t\t\t<div class=\"elementor-widget-container\">\n\t\t\t\t\t\t\t\t\t<p>Na\u0161e ru\u010dne vyr\u00e1ban\u00e9 \u0161perky V\u00e1m doru\u010d\u00edme v r\u00e1mci cel\u00e9ho Slovenska a \u010ceskej republiky. Sta\u010d\u00ed ak si vyeriete pr\u00e1ve ten V\u00e1\u0161 a najnesk\u00f4r do 21 pracvn\u00fdch dn\u00ed ho m\u00e1te priamo u V\u00e1s doma.<\/p>\t\t\t\t\t\t\t\t<\/div>\n\t\t\t\t<\/div>\n\t\t\t\t\t<\/div>\n\t\t<\/div>\n\t\t\t\t\t<\/div>\n\t\t<\/section>\n\t\t\t\t<section class=\"elementor-section elementor-top-section elementor-element elementor-element-06976bb elementor-section-content-middle elementor-section-boxed elementor-section-height-default elementor-section-height-default\" data-id=\"06976bb\" data-element_type=\"section\">\n\t\t\t\t\t\t<div class=\"elementor-container elementor-column-gap-default\">\n\t\t\t\t\t<div class=\"elementor-column elementor-col-50 elementor-top-column elementor-element elementor-element-ff38081 elementor-invisible\" data-id=\"ff38081\" data-element_type=\"column\" data-settings=\"{&quot;animation&quot;:&quot;fadeIn&quot;,&quot;animation_delay&quot;:200}\">\n\t\t\t<div class=\"elementor-widget-wrap elementor-element-populated\">\n\t\t\t\t\t\t<div class=\"elementor-element elementor-element-d7a9e54 elementor-widget elementor-widget-heading\" data-id=\"d7a9e54\" data-element_type=\"widget\" data-widget_type=\"heading.default\">\n\t\t\t\t<div class=\"elementor-widget-container\">\n\t\t\t\t\t<h4 class=\"elementor-heading-title elementor-size-default\">Doru\u010denie zadarmo<\/h4>\t\t\t\t<\/div>\n\t\t\t\t<\/div>\n\t\t\t\t<div class=\"elementor-element elementor-element-806ddbb elementor-widget elementor-widget-text-editor\" data-id=\"806ddbb\" data-element_type=\"widget\" data-widget_type=\"text-editor.default\">\n\t\t\t\t<div class=\"elementor-widget-container\">\n\t\t\t\t\t\t\t\t\t<p style=\"text-align: left;\">Doprava v r\u00e1mci cel\u00e9ho Slovenska s \u010ceskej republiky je zdarma.<\/p>\t\t\t\t\t\t\t\t<\/div>\n\t\t\t\t<\/div>\n\t\t\t\t\t<\/div>\n\t\t<\/div>\n\t\t\t\t<div class=\"elementor-column elementor-col-50 elementor-top-column elementor-element elementor-element-1cf5669\" data-id=\"1cf5669\" data-element_type=\"column\" data-settings=\"{&quot;background_background&quot;:&quot;classic&quot;}\">\n\t\t\t<div class=\"elementor-widget-wrap elementor-element-populated\">\n\t\t\t\t\t\t<div class=\"elementor-element elementor-element-677bbe3 elementor-invisible elementor-widget elementor-widget-image\" data-id=\"677bbe3\" data-element_type=\"widget\" data-settings=\"{&quot;_animation&quot;:&quot;growFromRight&quot;,&quot;_animation_delay&quot;:500,&quot;_animation_tablet&quot;:&quot;none&quot;,&quot;_animation_mobile&quot;:&quot;none&quot;}\" data-widget_type=\"image.default\">\n\t\t\t\t<div class=\"elementor-widget-container\">\n\t\t\t\t\t\t\t\t\t<div class=\"elementor-image\">\n\t\t\t\t\t\t\t\t\t\t\t\t\t\t\t\t\t\t\t\t\t<img decoding=\"async\" width=\"683\" height=\"1024\" src=\"https:\/\/luciasmolen.com\/wp-content\/uploads\/2021\/10\/IMG_7359-scaled-683x1024.jpg\" class=\"attachment-large size-large wp-image-987886\" alt=\"\" srcset=\"https:\/\/luciasmolen.com\/wp-content\/uploads\/2021\/10\/IMG_7359-scaled-683x1024.jpg 683w, https:\/\/luciasmolen.com\/wp-content\/uploads\/2021\/10\/IMG_7359-scaled-630x945.jpg 630w, https:\/\/luciasmolen.com\/wp-content\/uploads\/2021\/10\/IMG_7359-scaled-200x300.jpg 200w, https:\/\/luciasmolen.com\/wp-content\/uploads\/2021\/10\/IMG_7359-scaled-768x1152.jpg 768w, https:\/\/luciasmolen.com\/wp-content\/uploads\/2021\/10\/IMG_7359-scaled-1024x1536.jpg 1024w, https:\/\/luciasmolen.com\/wp-content\/uploads\/2021\/10\/IMG_7359-scaled-1366x2048.jpg 1366w, https:\/\/luciasmolen.com\/wp-content\/uploads\/2021\/10\/IMG_7359-scaled-840x1260.jpg 840w, https:\/\/luciasmolen.com\/wp-content\/uploads\/2021\/10\/IMG_7359-scaled-1260x1890.jpg 1260w, https:\/\/luciasmolen.com\/wp-content\/uploads\/2021\/10\/IMG_7359-scaled.jpg 1707w\" sizes=\"(max-width: 683px) 100vw, 683px\" \/>\t\t\t\t\t\t\t\t\t\t\t\t\t\t\t\t\t\t\t\t\t\t\t\t<\/div>\n\t\t\t\t\t\t\t\t<\/div>\n\t\t\t\t<\/div>\n\t\t\t\t\t<\/div>\n\t\t<\/div>\n\t\t\t\t\t<\/div>\n\t\t<\/section>\n\t\t\t\t<section class=\"elementor-section elementor-top-section elementor-element elementor-element-39bb393 elementor-section-content-middle elementor-reverse-mobile animated-slow elementor-section-boxed elementor-section-height-default elementor-section-height-default elementor-invisible\" data-id=\"39bb393\" data-element_type=\"section\" data-settings=\"{&quot;animation&quot;:&quot;fadeIn&quot;,&quot;animation_delay&quot;:200}\">\n\t\t\t\t\t\t<div class=\"elementor-container elementor-column-gap-default\">\n\t\t\t\t\t<div class=\"elementor-column elementor-col-33 elementor-top-column elementor-element elementor-element-592df34\" data-id=\"592df34\" data-element_type=\"column\" data-settings=\"{&quot;motion_fx_motion_fx_scrolling&quot;:&quot;yes&quot;,&quot;motion_fx_translateY_effect&quot;:&quot;yes&quot;,&quot;motion_fx_translateY_speed&quot;:{&quot;unit&quot;:&quot;px&quot;,&quot;size&quot;:0.59999999999999997779553950749686919152736663818359375,&quot;sizes&quot;:[]},&quot;motion_fx_devices&quot;:[&quot;desktop&quot;],&quot;motion_fx_translateY_affectedRange&quot;:{&quot;unit&quot;:&quot;%&quot;,&quot;size&quot;:&quot;&quot;,&quot;sizes&quot;:{&quot;start&quot;:0,&quot;end&quot;:100}}}\">\n\t\t\t<div class=\"elementor-widget-wrap elementor-element-populated\">\n\t\t\t\t\t\t<div class=\"elementor-element elementor-element-28d8ee0 elementor-view-default elementor-widget elementor-widget-icon\" data-id=\"28d8ee0\" data-element_type=\"widget\" data-widget_type=\"icon.default\">\n\t\t\t\t<div class=\"elementor-widget-container\">\n\t\t\t\t\t\t\t<div class=\"elementor-icon-wrapper\">\n\t\t\t<div class=\"elementor-icon\">\n\t\t\t<i aria-hidden=\"true\" class=\"vamtamtheme- vamtam-theme-confirm\"><\/i>\t\t\t<\/div>\n\t\t<\/div>\n\t\t\t\t\t\t<\/div>\n\t\t\t\t<\/div>\n\t\t\t\t<div class=\"elementor-element elementor-element-183c323 elementor-widget elementor-widget-heading\" data-id=\"183c323\" data-element_type=\"widget\" data-widget_type=\"heading.default\">\n\t\t\t\t<div class=\"elementor-widget-container\">\n\t\t\t\t\t<h4 class=\"elementor-heading-title elementor-size-default\">Potvrdenie o registr\u00e1ci\u00ed<br>objedn\u00e1vky<\/h4>\t\t\t\t<\/div>\n\t\t\t\t<\/div>\n\t\t\t\t<div class=\"elementor-element elementor-element-93b9076 elementor-widget elementor-widget-text-editor\" data-id=\"93b9076\" data-element_type=\"widget\" data-widget_type=\"text-editor.default\">\n\t\t\t\t<div class=\"elementor-widget-container\">\n\t\t\t\t\t\t\t\t\t<p>Ihne\u010f po registr\u00e1ci\u00ed V\u00e1m za\u0161leme rekapitul\u00e1ciu Va\u0161ej objedn\u00e1vky. Po jej prijat\u00ed V\u00e1m za\u0161leme \u00fadaje potrebn\u00e9 pre platbu a n\u00e1sledne tovar odovzd\u00e1me prepravnej spolo\u010dnosti, n\u00e1sledne aktivujeme notifik\u00e1cie na Vami zaslan\u00e9 \u00fadaje, aby bolo doru\u010denie \u010do najkomfortnej\u0161ie.<\/p>\t\t\t\t\t\t\t\t<\/div>\n\t\t\t\t<\/div>\n\t\t\t\t\t<\/div>\n\t\t<\/div>\n\t\t\t\t<div class=\"elementor-column elementor-col-33 elementor-top-column elementor-element elementor-element-75f144c\" data-id=\"75f144c\" data-element_type=\"column\" data-settings=\"{&quot;motion_fx_motion_fx_scrolling&quot;:&quot;yes&quot;,&quot;motion_fx_translateY_effect&quot;:&quot;yes&quot;,&quot;motion_fx_translateY_speed&quot;:{&quot;unit&quot;:&quot;px&quot;,&quot;size&quot;:0.90000000000000002220446049250313080847263336181640625,&quot;sizes&quot;:[]},&quot;motion_fx_devices&quot;:[&quot;desktop&quot;],&quot;motion_fx_translateY_affectedRange&quot;:{&quot;unit&quot;:&quot;%&quot;,&quot;size&quot;:&quot;&quot;,&quot;sizes&quot;:{&quot;start&quot;:0,&quot;end&quot;:100}}}\">\n\t\t\t<div class=\"elementor-widget-wrap elementor-element-populated\">\n\t\t\t\t\t\t<div class=\"elementor-element elementor-element-2bf0576 elementor-view-default elementor-widget elementor-widget-icon\" data-id=\"2bf0576\" data-element_type=\"widget\" data-widget_type=\"icon.default\">\n\t\t\t\t<div class=\"elementor-widget-container\">\n\t\t\t\t\t\t\t<div class=\"elementor-icon-wrapper\">\n\t\t\t<div class=\"elementor-icon\">\n\t\t\t<i aria-hidden=\"true\" class=\"vamtamtheme- vamtam-theme-truck\"><\/i>\t\t\t<\/div>\n\t\t<\/div>\n\t\t\t\t\t\t<\/div>\n\t\t\t\t<\/div>\n\t\t\t\t<div class=\"elementor-element elementor-element-4e3a59a elementor-widget elementor-widget-heading\" data-id=\"4e3a59a\" data-element_type=\"widget\" data-widget_type=\"heading.default\">\n\t\t\t\t<div class=\"elementor-widget-container\">\n\t\t\t\t\t<h4 class=\"elementor-heading-title elementor-size-default\">Bal\u00ed\u010dek na <br>ceste k V\u00e1m\n<\/h4>\t\t\t\t<\/div>\n\t\t\t\t<\/div>\n\t\t\t\t<div class=\"elementor-element elementor-element-05c2e07 elementor-widget elementor-widget-text-editor\" data-id=\"05c2e07\" data-element_type=\"widget\" data-widget_type=\"text-editor.default\">\n\t\t\t\t<div class=\"elementor-widget-container\">\n\t\t\t\t\t\t\t\t\t<p>V momente odovzdania z\u00e1sielky V\u00e1m za\u0161leme \u010d\u00edslo na sledovanie doru\u010denia Va\u0161ej z\u00e1sielky. Sta\u010d\u00ed ho <a href=\"https:\/\/tandt.posta.sk\/\" target=\"_blank\" rel=\"noopener\">vlo\u017ei\u0165 sem<\/a> a uvid\u00edte proces doru\u010denia. V tomto momente je z\u00e1sielka mimo n\u00e1\u0161 dosah, oh\u013eadom pr\u00edpadn\u00fdch ot\u00e1zok sa nev\u00e1hajte obr\u00e1ti\u0165 na <a href=\"https:\/\/www.posta.sk\/kontakty\/zakaznicke-centrum\" target=\"_blank\" rel=\"noopener\">podporu prepravcu<\/a>. <\/p>\t\t\t\t\t\t\t\t<\/div>\n\t\t\t\t<\/div>\n\t\t\t\t\t<\/div>\n\t\t<\/div>\n\t\t\t\t<div class=\"elementor-column elementor-col-33 elementor-top-column elementor-element elementor-element-24abe08\" data-id=\"24abe08\" data-element_type=\"column\" data-settings=\"{&quot;motion_fx_motion_fx_scrolling&quot;:&quot;yes&quot;,&quot;motion_fx_translateY_effect&quot;:&quot;yes&quot;,&quot;motion_fx_translateY_speed&quot;:{&quot;unit&quot;:&quot;px&quot;,&quot;size&quot;:0.5,&quot;sizes&quot;:[]},&quot;motion_fx_devices&quot;:[&quot;desktop&quot;],&quot;motion_fx_translateY_affectedRange&quot;:{&quot;unit&quot;:&quot;%&quot;,&quot;size&quot;:&quot;&quot;,&quot;sizes&quot;:{&quot;start&quot;:0,&quot;end&quot;:100}}}\">\n\t\t\t<div class=\"elementor-widget-wrap elementor-element-populated\">\n\t\t\t\t\t\t<div class=\"elementor-element elementor-element-e8ac429 elementor-view-default elementor-widget elementor-widget-icon\" data-id=\"e8ac429\" data-element_type=\"widget\" data-widget_type=\"icon.default\">\n\t\t\t\t<div class=\"elementor-widget-container\">\n\t\t\t\t\t\t\t<div class=\"elementor-icon-wrapper\">\n\t\t\t<div class=\"elementor-icon\">\n\t\t\t<i aria-hidden=\"true\" class=\"vamtamtheme- vamtam-theme-delivery\"><\/i>\t\t\t<\/div>\n\t\t<\/div>\n\t\t\t\t\t\t<\/div>\n\t\t\t\t<\/div>\n\t\t\t\t<div class=\"elementor-element elementor-element-d0dfbd5 elementor-widget elementor-widget-heading\" data-id=\"d0dfbd5\" data-element_type=\"widget\" data-widget_type=\"heading.default\">\n\t\t\t\t<div class=\"elementor-widget-container\">\n\t\t\t\t\t<h4 class=\"elementor-heading-title elementor-size-default\">Prevzatie tovaru<\/h4>\t\t\t\t<\/div>\n\t\t\t\t<\/div>\n\t\t\t\t<div class=\"elementor-element elementor-element-2d0eedb elementor-widget elementor-widget-text-editor\" data-id=\"2d0eedb\" data-element_type=\"widget\" data-widget_type=\"text-editor.default\">\n\t\t\t\t<div class=\"elementor-widget-container\">\n\t\t\t\t\t\t\t\t\t<p>Prevzat\u00fd tovar<\/p><p>Po prevzat\u00ed tovaru V\u00e1m doru\u010d\u00edme elektronicky fakt\u00faru za n\u00e1kup. N\u00e1sledne ocen\u00edme, ak n\u00e1s budete kontaktova\u0165 oh\u013eadom Va\u0161ej spokojnosti, pr\u00edpadne si so svoj\u00edm nov\u00fdm k\u00faskom urob\u00edte foto a ozna\u010d\u00edte n\u00e1s na soci\u00e1lnych sie\u0165ach<\/p><p>\u00a0<\/p>\t\t\t\t\t\t\t\t<\/div>\n\t\t\t\t<\/div>\n\t\t\t\t\t<\/div>\n\t\t<\/div>\n\t\t\t\t\t<\/div>\n\t\t<\/section>\n\t\t\t\t<\/div>","protected":false},"excerpt":{"rendered":"<p>Doru\u010denie Doru\u010denie a\u017e k va\u0161im dver\u00e1m Na\u0161e ru\u010dne vyr\u00e1ban\u00e9 \u0161perky V\u00e1m doru\u010d\u00edme v r\u00e1mci cel\u00e9ho Slovenska a \u010ceskej republiky. Sta\u010d\u00ed ak si vyeriete pr\u00e1ve ten V\u00e1\u0161 a najnesk\u00f4r do 21 pracvn\u00fdch dn\u00ed ho m\u00e1te priamo u V\u00e1s doma. Doru\u010denie zadarmo Doprava v r\u00e1mci cel\u00e9ho Slovenska s \u010ceskej republiky je zdarma. Potvrdenie o registr\u00e1ci\u00edobjedn\u00e1vky Ihne\u010f po&#8230;<\/p>","protected":false},"author":1,"featured_media":0,"parent":0,"menu_order":0,"comment_status":"closed","ping_status":"closed","template":"","meta":{"footnotes":""},"class_list":["post-45","page","type-page","status-publish","hentry"],"_links":{"self":[{"href":"https:\/\/luciasmolen.com\/en\/wp-json\/wp\/v2\/pages\/45","targetHints":{"allow":["GET"]}}],"collection":[{"href":"https:\/\/luciasmolen.com\/en\/wp-json\/wp\/v2\/pages"}],"about":[{"href":"https:\/\/luciasmolen.com\/en\/wp-json\/wp\/v2\/types\/page"}],"author":[{"embeddable":true,"href":"https:\/\/luciasmolen.com\/en\/wp-json\/wp\/v2\/users\/1"}],"replies":[{"embeddable":true,"href":"https:\/\/luciasmolen.com\/en\/wp-json\/wp\/v2\/comments?post=45"}],"version-history":[{"count":0,"href":"https:\/\/luciasmolen.com\/en\/wp-json\/wp\/v2\/pages\/45\/revisions"}],"wp:attachment":[{"href":"https:\/\/luciasmolen.com\/en\/wp-json\/wp\/v2\/media?parent=45"}],"curies":[{"name":"wp","href":"https:\/\/api.w.org\/{rel}","templated":true}]}}